{"id":11924,"date":"2026-04-20T11:47:32","date_gmt":"2026-04-20T11:47:32","guid":{"rendered":"https:\/\/hammocknest.com\/ro\/?post_type=product&#038;p=11924"},"modified":"2026-04-25T20:13:15","modified_gmt":"2026-04-25T20:13:15","slug":"hamaca-pentru-pisici-aldo-ideala-pentru-maine-coons","status":"publish","type":"product","link":"https:\/\/hammocknest.com\/ro\/product\/hamaca-pentru-pisici-aldo-ideala-pentru-maine-coons\/","title":{"rendered":"Hamaca pentru Pisici | Aldo &#8211; Ideal\u0103 pentru Maine Coons"},"content":{"rendered":"<p>Hammock Lounge pentru pisici: confort, stil \u0219i relaxare. Ideal pentru odihna felinei tale. Perfect pentru toate interioarele. Caracteristici: Snururi moi din bumbac pentru confort suprem. Ultra confortabil, ideal pentru relaxare. Suport\u0103 p\u00e2n\u0103 la 15 kg, potrivit pentru toate pisicile. Spa\u021biu mare de 40&#215;120 cm pentru a se \u00eentinde. Not\u0103: Perna nu este inclus\u0103, personaliza\u021bi dup\u0103 bunul plac! Cu stilul s\u0103u boem \u0219i aspectul unic, acest magnific hamac Macram\u00e9 pentru pisici va face somnul felinei tale de neuitat. Fabricat din fr\u00e2nghie de bumbac moale \u0219i durabil\u0103, \u021besut\u0103 \u00eentr-un model macrame puternic, pl\u0103cut din punct de vedere estetic. Se va ag\u0103\u021ba foarte u\u0219or \u00een interiorul t\u0103u pe orice suport solid. Acest hamac va deveni locul preferat de relaxare al animalului t\u0103u de companie. Sfat Amaccas: Ad\u0103uga\u021bi o pern\u0103 cu diametrul de 40 cm \u00een interior pentru \u0219i mai mult confort! Pentru cei care doresc s\u0103 \u00eembine estetica \u0219i confortul pentru felina lor, hamacul nostru pentru pisici se remarc\u0103 ca o alegere inovatoare \u0219i confortabil\u0103. De asemenea, v\u0103 recomand\u0103m s\u0103 r\u0103sfoi\u021bi gama noastr\u0103 extins\u0103 de hamace pentru pisici, pline de solu\u021bii care s\u0103 se potriveasc\u0103 fiec\u0103rei nevoi. Amaccas garanteaz\u0103 Livrare rapid\u0103 (72 de ore) Livrare standard gratuit\u0103! Serviciu post-v\u00e2nzare francez \u0219i serviciu clien\u021bi receptiv<\/p>\n","protected":false},"excerpt":{"rendered":"<p>Hammock Lounge pentru pisici: confort, stil \u0219i relaxare. Ideal pentru odihna felinei tale. Perfect pentru toate interioarele. Caracteristici: Snururi moi din bumbac pentru confort suprem. Ultra confortabil, ideal pentru relaxare. Suport\u0103 p\u00e2n\u0103 la 15 kg, potrivit pentru toate pisicile. Spa\u021biu mare de 40&#215;120 cm pentru a se \u00eentinde. Not\u0103: Perna nu este inclus\u0103, personaliza\u021bi dup\u0103 [&hellip;]<\/p>\n","protected":false},"featured_media":12213,"comment_status":"closed","ping_status":"closed","template":"","meta":[],"product_brand":[],"product_cat":[293],"product_tag":[284],"class_list":{"0":"post-11924","1":"product","2":"type-product","3":"status-publish","4":"has-post-thumbnail","6":"product_cat-hamace-pentru-pisici","7":"product_tag-hamac-pour-chat","9":"first","10":"instock","11":"taxable","12":"shipping-taxable","13":"purchasable","14":"product-type-simple"},"_links":{"self":[{"href":"https:\/\/hammocknest.com\/ro\/wp-json\/wp\/v2\/product\/11924","targetHints":{"allow":["GET"]}}],"collection":[{"href":"https:\/\/hammocknest.com\/ro\/wp-json\/wp\/v2\/product"}],"about":[{"href":"https:\/\/hammocknest.com\/ro\/wp-json\/wp\/v2\/types\/product"}],"replies":[{"embeddable":true,"href":"https:\/\/hammocknest.com\/ro\/wp-json\/wp\/v2\/comments?post=11924"}],"wp:featuredmedia":[{"embeddable":true,"href":"https:\/\/hammocknest.com\/ro\/wp-json\/wp\/v2\/media\/12213"}],"wp:attachment":[{"href":"https:\/\/hammocknest.com\/ro\/wp-json\/wp\/v2\/media?parent=11924"}],"wp:term":[{"taxonomy":"product_brand","embeddable":true,"href":"https:\/\/hammocknest.com\/ro\/wp-json\/wp\/v2\/product_brand?post=11924"},{"taxonomy":"product_cat","embeddable":true,"href":"https:\/\/hammocknest.com\/ro\/wp-json\/wp\/v2\/product_cat?post=11924"},{"taxonomy":"product_tag","embeddable":true,"href":"https:\/\/hammocknest.com\/ro\/wp-json\/wp\/v2\/product_tag?post=11924"}],"curies":[{"name":"wp","href":"https:\/\/api.w.org\/{rel}","templated":true}]}}