{"id":11885,"date":"2026-04-20T11:47:12","date_gmt":"2026-04-20T11:47:12","guid":{"rendered":"https:\/\/hammocknest.com\/ro\/?post_type=product&#038;p=11885"},"modified":"2026-04-25T20:13:10","modified_gmt":"2026-04-25T20:13:10","slug":"hamac-pentru-2-zaro","status":"publish","type":"product","link":"https:\/\/hammocknest.com\/ro\/product\/hamac-pentru-2-zaro\/","title":{"rendered":"Hamac pentru 2 | Zaro"},"content":{"rendered":"<p>Descoper\u0103 Hamacul pentru 2, din bumbac de \u00eenalt\u0103 calitate, care suport\u0103 p\u00e2n\u0103 la 200 kg. Ideal pentru relaxare \u00een aer liber cu stil. Caracteristici: Dimensiuni: 215 x 160 cm Capacitate de \u00eenc\u0103rcare: 200 kg Material: bumbac de \u00eenalt\u0103 calitate Bare transversale pentru stabilitate sporit\u0103 \u021aes\u0103tur\u0103 moale \u0219i durabil\u0103 Margini \u00eent\u0103rite cu densitate dubl\u0103 de \u021besut Ideal pentru dou\u0103 persoane Perfect pentru utilizare \u00een aer liber Faciliteaz\u0103 o pozi\u021bie culcat pe lungime sau diagonal\u0103 Culoare: Albastru Cobalt Descoperi\u021bi Hamacul pentru 2, perfect pentru momentele de relaxare \u00een aer liber. Fabricat din bumbac premium, poate suporta o sarcina de 200 kg. Datorit\u0103 dimensiunilor mari de 215 x 160 cm \u0219i traverselor sale, garanteaz\u0103 stabilitate \u0219i confort optime. Ideal pentru a ad\u0103uga o not\u0103 de elegan\u021b\u0103 gr\u0103dinii, balconului sau terasei tale. Confort \u0219i soliditate Hamacul pentru 2 combin\u0103 elegan\u021ba \u0219i caracterul practic. Moliciunea \u0219i rezisten\u021ba \u021bes\u0103turii sale, precum \u0219i marginile \u00eent\u0103rite, asigur\u0103 o relaxare optim\u0103. U\u0219or de instalat \u0219i \u00eentre\u021binut, este ideal pentru dou\u0103 persoane. Cu acest hamac po\u021bi aduce farmec \u0219i confort spa\u021biului t\u0103u exterior. Confort \u0219i elegan\u021b\u0103 incomparabile pentru momentele tale de relaxare \u00een aer liber. Pentru cei care t\u00e2njesc dup\u0103 momente de relaxare \u00een aer liber, \u00een timp ce se bucur\u0103 de frumuse\u021bea natural\u0103, hamacul nostru din p\u00e2nz\u0103 pentru 2 persoane ofer\u0103 pauza perfect\u0103 pentru a evada \u0219i a se re\u00eenc\u0103rca. Dac\u0103 acest model v\u0103 atrage, v\u0103 invit\u0103m s\u0103 r\u0103sfoi\u021bi \u00eentreaga noastr\u0103 colec\u021bie de hamace, pentru a g\u0103si varianta ideal\u0103 potrivit\u0103 dorin\u021belor dumneavoastr\u0103. POP\/MERIDA\/200\/COBALT\/Q12 Amaccas garanteaz\u0103 Livrare rapid\u0103 (72 de ore) Livrare standard gratuit\u0103! Serviciu post-v\u00e2nzare francez \u0219i serviciu clien\u021bi receptiv<\/p>\n","protected":false},"excerpt":{"rendered":"<p>Descoper\u0103 Hamacul pentru 2, din bumbac de \u00eenalt\u0103 calitate, care suport\u0103 p\u00e2n\u0103 la 200 kg. Ideal pentru relaxare \u00een aer liber cu stil. Caracteristici: Dimensiuni: 215 x 160 cm Capacitate de \u00eenc\u0103rcare: 200 kg Material: bumbac de \u00eenalt\u0103 calitate Bare transversale pentru stabilitate sporit\u0103 \u021aes\u0103tur\u0103 moale \u0219i durabil\u0103 Margini \u00eent\u0103rite cu densitate dubl\u0103 de \u021besut [&hellip;]<\/p>\n","protected":false},"featured_media":12174,"comment_status":"closed","ping_status":"closed","template":"","meta":[],"product_brand":[],"product_cat":[290],"product_tag":[286],"class_list":{"0":"post-11885","1":"product","2":"type-product","3":"status-publish","4":"has-post-thumbnail","6":"product_cat-hamace-pentru-doua-persoane","7":"product_tag-hamac","9":"first","10":"instock","11":"taxable","12":"shipping-taxable","13":"purchasable","14":"product-type-simple"},"_links":{"self":[{"href":"https:\/\/hammocknest.com\/ro\/wp-json\/wp\/v2\/product\/11885","targetHints":{"allow":["GET"]}}],"collection":[{"href":"https:\/\/hammocknest.com\/ro\/wp-json\/wp\/v2\/product"}],"about":[{"href":"https:\/\/hammocknest.com\/ro\/wp-json\/wp\/v2\/types\/product"}],"replies":[{"embeddable":true,"href":"https:\/\/hammocknest.com\/ro\/wp-json\/wp\/v2\/comments?post=11885"}],"wp:featuredmedia":[{"embeddable":true,"href":"https:\/\/hammocknest.com\/ro\/wp-json\/wp\/v2\/media\/12174"}],"wp:attachment":[{"href":"https:\/\/hammocknest.com\/ro\/wp-json\/wp\/v2\/media?parent=11885"}],"wp:term":[{"taxonomy":"product_brand","embeddable":true,"href":"https:\/\/hammocknest.com\/ro\/wp-json\/wp\/v2\/product_brand?post=11885"},{"taxonomy":"product_cat","embeddable":true,"href":"https:\/\/hammocknest.com\/ro\/wp-json\/wp\/v2\/product_cat?post=11885"},{"taxonomy":"product_tag","embeddable":true,"href":"https:\/\/hammocknest.com\/ro\/wp-json\/wp\/v2\/product_tag?post=11885"}],"curies":[{"name":"wp","href":"https:\/\/api.w.org\/{rel}","templated":true}]}}