{"id":11875,"date":"2026-04-20T11:47:07","date_gmt":"2026-04-20T11:47:07","guid":{"rendered":"https:\/\/hammocknest.com\/ro\/?post_type=product&#038;p=11875"},"modified":"2026-04-25T20:13:08","modified_gmt":"2026-04-25T20:13:08","slug":"hamaca-portabila-gonflabila-enes-pat-gonflabil-dublu","status":"publish","type":"product","link":"https:\/\/hammocknest.com\/ro\/product\/hamaca-portabila-gonflabila-enes-pat-gonflabil-dublu\/","title":{"rendered":"Hamaca Portabil\u0103 Gonflabil\u0103 | Enes &#8211; Pat Gonflabil Dublu"},"content":{"rendered":"<p>Nimic mai bun dec\u00e2t acest hamac portabil gonflabil pentru relaxare la soare \u00een timp ce plute\u0219ti pe ap\u0103. R\u0103sf\u0103\u021ba\u021bi-v\u0103 cu un moment de odihn\u0103 \u0219i relaxare. Caracteristici: Fabricat din PVC de \u00eenalt\u0103 calitate Durabil \u0219i robust Compact \u0219i u\u0219or de depozitat Dimensiuni: 120 x 70 cm \u00censo\u021bitor ideal pentru a v\u0103 bucura de zilele \u00eensorite relaxante, acest hamac portabil gonflabil va fi perfect pentru odihna pe ap\u0103. U\u0219or de umflat \u0219i dezumflat, se va depozita foarte u\u0219or \u0219i nu va ocupa spa\u021biu. Ideal pentru o piscin\u0103 sau pentru excursiile tale la plaj\u0103, acest hamac \u00ee\u021bi va oferi cea mai bun\u0103 experien\u021b\u0103 de relaxare. Pentru cei care viseaz\u0103 s\u0103 se relaxeze \u00een timp ce plutesc \u00een aer, hamacul nostru gonflabil cu ap\u0103 reprezint\u0103 combina\u021bia perfect\u0103 \u00eentre confort \u0219i u\u0219urin\u021b\u0103 \u00een utilizare. \u00cen timp ce v\u0103 bucura\u021bi de aceast\u0103 senza\u021bie unic\u0103, v\u0103 invit\u0103m s\u0103 v\u0103 scufunda\u021bi \u00een colec\u021bia noastr\u0103 principal\u0103 de hamace gonflabile, reunind diverse modele pentru a v\u0103 spori momentele de relaxare. Amaccas garanteaz\u0103 Livrare rapid\u0103 (72 de ore) Livrare standard gratuit\u0103! Serviciu post-v\u00e2nzare francez \u0219i serviciu clien\u021bi receptiv<\/p>\n","protected":false},"excerpt":{"rendered":"<p>Nimic mai bun dec\u00e2t acest hamac portabil gonflabil pentru relaxare la soare \u00een timp ce plute\u0219ti pe ap\u0103. R\u0103sf\u0103\u021ba\u021bi-v\u0103 cu un moment de odihn\u0103 \u0219i relaxare. Caracteristici: Fabricat din PVC de \u00eenalt\u0103 calitate Durabil \u0219i robust Compact \u0219i u\u0219or de depozitat Dimensiuni: 120 x 70 cm \u00censo\u021bitor ideal pentru a v\u0103 bucura de zilele \u00eensorite [&hellip;]<\/p>\n","protected":false},"featured_media":12164,"comment_status":"closed","ping_status":"closed","template":"","meta":[],"product_brand":[],"product_cat":[292],"product_tag":[287],"class_list":{"0":"post-11875","1":"product","2":"type-product","3":"status-publish","4":"has-post-thumbnail","6":"product_cat-hamace-gonflabile","7":"product_tag-hamac-gonflable","9":"first","10":"instock","11":"sale","12":"taxable","13":"shipping-taxable","14":"purchasable","15":"product-type-simple"},"_links":{"self":[{"href":"https:\/\/hammocknest.com\/ro\/wp-json\/wp\/v2\/product\/11875","targetHints":{"allow":["GET"]}}],"collection":[{"href":"https:\/\/hammocknest.com\/ro\/wp-json\/wp\/v2\/product"}],"about":[{"href":"https:\/\/hammocknest.com\/ro\/wp-json\/wp\/v2\/types\/product"}],"replies":[{"embeddable":true,"href":"https:\/\/hammocknest.com\/ro\/wp-json\/wp\/v2\/comments?post=11875"}],"wp:featuredmedia":[{"embeddable":true,"href":"https:\/\/hammocknest.com\/ro\/wp-json\/wp\/v2\/media\/12164"}],"wp:attachment":[{"href":"https:\/\/hammocknest.com\/ro\/wp-json\/wp\/v2\/media?parent=11875"}],"wp:term":[{"taxonomy":"product_brand","embeddable":true,"href":"https:\/\/hammocknest.com\/ro\/wp-json\/wp\/v2\/product_brand?post=11875"},{"taxonomy":"product_cat","embeddable":true,"href":"https:\/\/hammocknest.com\/ro\/wp-json\/wp\/v2\/product_cat?post=11875"},{"taxonomy":"product_tag","embeddable":true,"href":"https:\/\/hammocknest.com\/ro\/wp-json\/wp\/v2\/product_tag?post=11875"}],"curies":[{"name":"wp","href":"https:\/\/api.w.org\/{rel}","templated":true}]}}