{"id":11860,"date":"2026-04-20T11:46:55","date_gmt":"2026-04-20T11:46:55","guid":{"rendered":"https:\/\/hammocknest.com\/ro\/?post_type=product&#038;p=11860"},"modified":"2026-04-20T11:58:42","modified_gmt":"2026-04-20T11:58:42","slug":"hamac-suspendat-pentru-gradina-bria-retreat-ul-tau-cozy-in-aer-liber","status":"publish","type":"product","link":"https:\/\/hammocknest.com\/ro\/product\/hamac-suspendat-pentru-gradina-bria-retreat-ul-tau-cozy-in-aer-liber\/","title":{"rendered":"Hamac Suspendat pentru Gr\u0103din\u0103 | Bria &#8211; Retreat-ul T\u0103u Cozy \u00een Aer Liber"},"content":{"rendered":"","protected":false},"excerpt":{"rendered":"","protected":false},"featured_media":12149,"comment_status":"closed","ping_status":"closed","template":"","meta":[],"product_brand":[],"product_cat":[289],"product_tag":[282],"class_list":{"0":"post-11860","1":"product","2":"type-product","3":"status-publish","4":"has-post-thumbnail","6":"product_cat-hamace-pe-suport","7":"product_tag-hamac-suspendu","9":"first","10":"instock","11":"taxable","12":"shipping-taxable","13":"purchasable","14":"product-type-variable"},"_links":{"self":[{"href":"https:\/\/hammocknest.com\/ro\/wp-json\/wp\/v2\/product\/11860","targetHints":{"allow":["GET"]}}],"collection":[{"href":"https:\/\/hammocknest.com\/ro\/wp-json\/wp\/v2\/product"}],"about":[{"href":"https:\/\/hammocknest.com\/ro\/wp-json\/wp\/v2\/types\/product"}],"replies":[{"embeddable":true,"href":"https:\/\/hammocknest.com\/ro\/wp-json\/wp\/v2\/comments?post=11860"}],"wp:featuredmedia":[{"embeddable":true,"href":"https:\/\/hammocknest.com\/ro\/wp-json\/wp\/v2\/media\/12149"}],"wp:attachment":[{"href":"https:\/\/hammocknest.com\/ro\/wp-json\/wp\/v2\/media?parent=11860"}],"wp:term":[{"taxonomy":"product_brand","embeddable":true,"href":"https:\/\/hammocknest.com\/ro\/wp-json\/wp\/v2\/product_brand?post=11860"},{"taxonomy":"product_cat","embeddable":true,"href":"https:\/\/hammocknest.com\/ro\/wp-json\/wp\/v2\/product_cat?post=11860"},{"taxonomy":"product_tag","embeddable":true,"href":"https:\/\/hammocknest.com\/ro\/wp-json\/wp\/v2\/product_tag?post=11860"}],"curies":[{"name":"wp","href":"https:\/\/api.w.org\/{rel}","templated":true}]}}