{"id":11836,"date":"2026-04-20T11:46:46","date_gmt":"2026-04-20T11:46:46","guid":{"rendered":"https:\/\/hammocknest.com\/ro\/?post_type=product&#038;p=11836"},"modified":"2026-04-20T11:58:38","modified_gmt":"2026-04-20T11:58:38","slug":"hamaca-rotunda-suspendata-kjude-perfecta-pentru-mobilierul-de-gradina-din-ratan","status":"publish","type":"product","link":"https:\/\/hammocknest.com\/ro\/product\/hamaca-rotunda-suspendata-kjude-perfecta-pentru-mobilierul-de-gradina-din-ratan\/","title":{"rendered":"Hamaca Rotund\u0103 Suspendat\u0103 | Kjude &#8211; Perfect\u0103 pentru Mobilierul de Gr\u0103din\u0103 din Ratan"},"content":{"rendered":"","protected":false},"excerpt":{"rendered":"","protected":false},"featured_media":12125,"comment_status":"closed","ping_status":"closed","template":"","meta":[],"product_brand":[],"product_cat":[291],"product_tag":[282],"class_list":{"0":"post-11836","1":"product","2":"type-product","3":"status-publish","4":"has-post-thumbnail","6":"product_cat-hamace-pentru-gradina-si-interior","7":"product_tag-hamac-suspendu","9":"first","10":"instock","11":"taxable","12":"shipping-taxable","13":"purchasable","14":"product-type-variable"},"_links":{"self":[{"href":"https:\/\/hammocknest.com\/ro\/wp-json\/wp\/v2\/product\/11836","targetHints":{"allow":["GET"]}}],"collection":[{"href":"https:\/\/hammocknest.com\/ro\/wp-json\/wp\/v2\/product"}],"about":[{"href":"https:\/\/hammocknest.com\/ro\/wp-json\/wp\/v2\/types\/product"}],"replies":[{"embeddable":true,"href":"https:\/\/hammocknest.com\/ro\/wp-json\/wp\/v2\/comments?post=11836"}],"wp:featuredmedia":[{"embeddable":true,"href":"https:\/\/hammocknest.com\/ro\/wp-json\/wp\/v2\/media\/12125"}],"wp:attachment":[{"href":"https:\/\/hammocknest.com\/ro\/wp-json\/wp\/v2\/media?parent=11836"}],"wp:term":[{"taxonomy":"product_brand","embeddable":true,"href":"https:\/\/hammocknest.com\/ro\/wp-json\/wp\/v2\/product_brand?post=11836"},{"taxonomy":"product_cat","embeddable":true,"href":"https:\/\/hammocknest.com\/ro\/wp-json\/wp\/v2\/product_cat?post=11836"},{"taxonomy":"product_tag","embeddable":true,"href":"https:\/\/hammocknest.com\/ro\/wp-json\/wp\/v2\/product_tag?post=11836"}],"curies":[{"name":"wp","href":"https:\/\/api.w.org\/{rel}","templated":true}]}}