{"id":11835,"date":"2026-04-20T11:46:45","date_gmt":"2026-04-20T11:46:45","guid":{"rendered":"https:\/\/hammocknest.com\/ro\/?post_type=product&#038;p=11835"},"modified":"2026-04-20T11:58:38","modified_gmt":"2026-04-20T11:58:38","slug":"panza-pentru-hamac-vant","status":"publish","type":"product","link":"https:\/\/hammocknest.com\/ro\/product\/panza-pentru-hamac-vant\/","title":{"rendered":"P\u00e2nz\u0103 pentru Hamac | V\u00e2nt"},"content":{"rendered":"","protected":false},"excerpt":{"rendered":"","protected":false},"featured_media":12124,"comment_status":"closed","ping_status":"closed","template":"","meta":[],"product_brand":[],"product_cat":[292],"product_tag":[281],"class_list":{"0":"post-11835","1":"product","2":"type-product","3":"status-publish","4":"has-post-thumbnail","6":"product_cat-hamace-gonflabile","7":"product_tag-hamac-moustiquaire","9":"first","10":"instock","11":"taxable","12":"shipping-taxable","13":"purchasable","14":"product-type-variable"},"_links":{"self":[{"href":"https:\/\/hammocknest.com\/ro\/wp-json\/wp\/v2\/product\/11835","targetHints":{"allow":["GET"]}}],"collection":[{"href":"https:\/\/hammocknest.com\/ro\/wp-json\/wp\/v2\/product"}],"about":[{"href":"https:\/\/hammocknest.com\/ro\/wp-json\/wp\/v2\/types\/product"}],"replies":[{"embeddable":true,"href":"https:\/\/hammocknest.com\/ro\/wp-json\/wp\/v2\/comments?post=11835"}],"wp:featuredmedia":[{"embeddable":true,"href":"https:\/\/hammocknest.com\/ro\/wp-json\/wp\/v2\/media\/12124"}],"wp:attachment":[{"href":"https:\/\/hammocknest.com\/ro\/wp-json\/wp\/v2\/media?parent=11835"}],"wp:term":[{"taxonomy":"product_brand","embeddable":true,"href":"https:\/\/hammocknest.com\/ro\/wp-json\/wp\/v2\/product_brand?post=11835"},{"taxonomy":"product_cat","embeddable":true,"href":"https:\/\/hammocknest.com\/ro\/wp-json\/wp\/v2\/product_cat?post=11835"},{"taxonomy":"product_tag","embeddable":true,"href":"https:\/\/hammocknest.com\/ro\/wp-json\/wp\/v2\/product_tag?post=11835"}],"curies":[{"name":"wp","href":"https:\/\/api.w.org\/{rel}","templated":true}]}}