{"id":12091,"date":"2026-04-20T12:14:16","date_gmt":"2026-04-20T12:14:16","guid":{"rendered":"https:\/\/hammocknest.com\/pt\/?post_type=product&#038;p=12091"},"modified":"2026-04-25T21:05:43","modified_gmt":"2026-04-25T21:05:43","slug":"hammock-para-gatos-em-radiador-will","status":"publish","type":"product","link":"https:\/\/hammocknest.com\/pt\/product\/hammock-para-gatos-em-radiador-will\/","title":{"rendered":"Hammock para Gatos em Radiador | Will"},"content":{"rendered":"<p>Descubra a nossa Rede Radiadora Cat. Dobr\u00e1vel e muito f\u00e1cil de usar, sua bola de pelo n\u00e3o passar\u00e1 sem ela! Caracter\u00edsticas: Tecido tipo pel\u00facia ultraconfort\u00e1vel Ret\u00e9m o calor para maior conforto Dimens\u00f5es: 45 x 30 x 25 cm Peso: m\u00e1ximo at\u00e9 5 kg Seu animal de estima\u00e7\u00e3o vai adorar esta Rede Radiadora Cat. Com o seu tecido ultraconfort\u00e1vel e a sua estrutura dobr\u00e1vel, ser\u00e1 muito f\u00e1cil instal\u00e1-lo no radiador da sua escolha e assim permitir ao seu felino desfrutar de uma soneca quente. Para os propriet\u00e1rios que desejam oferecer um ninho aconchegante e quente aos seus felinos durante as esta\u00e7\u00f5es frias, a nossa rede radiadora \u00e9 a solu\u00e7\u00e3o ideal para um conforto ideal. Posteriormente, sugerimos que consulte a nossa cole\u00e7\u00e3o completa de redes radiadoras para gatos, garantindo um perfeito bem-estar ao seu companheiro de quatro patas. Amaccas garante envio r\u00e1pido (72 horas) Entrega padr\u00e3o gratuita! Servi\u00e7o p\u00f3s-venda franc\u00eas e atendimento ao cliente \u00e1gil<\/p>\n","protected":false},"excerpt":{"rendered":"<p>Descubra a nossa Rede Radiadora Cat. Dobr\u00e1vel e muito f\u00e1cil de usar, sua bola de pelo n\u00e3o passar\u00e1 sem ela! Caracter\u00edsticas: Tecido tipo pel\u00facia ultraconfort\u00e1vel Ret\u00e9m o calor para maior conforto Dimens\u00f5es: 45 x 30 x 25 cm Peso: m\u00e1ximo at\u00e9 5 kg Seu animal de estima\u00e7\u00e3o vai adorar esta Rede Radiadora Cat. Com o [&hellip;]<\/p>\n","protected":false},"featured_media":12380,"comment_status":"closed","ping_status":"closed","template":"","meta":[],"product_brand":[],"product_cat":[293,295],"product_tag":[288],"class_list":{"0":"post-12091","1":"product","2":"type-product","3":"status-publish","4":"has-post-thumbnail","6":"product_cat-rede-de-descanso-para-gatos","7":"product_cat-rede-de-descanso-para-radiadores","8":"product_tag-hamac-radiateur-chat","10":"first","11":"instock","12":"taxable","13":"shipping-taxable","14":"purchasable","15":"product-type-variable"},"_links":{"self":[{"href":"https:\/\/hammocknest.com\/pt\/wp-json\/wp\/v2\/product\/12091","targetHints":{"allow":["GET"]}}],"collection":[{"href":"https:\/\/hammocknest.com\/pt\/wp-json\/wp\/v2\/product"}],"about":[{"href":"https:\/\/hammocknest.com\/pt\/wp-json\/wp\/v2\/types\/product"}],"replies":[{"embeddable":true,"href":"https:\/\/hammocknest.com\/pt\/wp-json\/wp\/v2\/comments?post=12091"}],"wp:featuredmedia":[{"embeddable":true,"href":"https:\/\/hammocknest.com\/pt\/wp-json\/wp\/v2\/media\/12380"}],"wp:attachment":[{"href":"https:\/\/hammocknest.com\/pt\/wp-json\/wp\/v2\/media?parent=12091"}],"wp:term":[{"taxonomy":"product_brand","embeddable":true,"href":"https:\/\/hammocknest.com\/pt\/wp-json\/wp\/v2\/product_brand?post=12091"},{"taxonomy":"product_cat","embeddable":true,"href":"https:\/\/hammocknest.com\/pt\/wp-json\/wp\/v2\/product_cat?post=12091"},{"taxonomy":"product_tag","embeddable":true,"href":"https:\/\/hammocknest.com\/pt\/wp-json\/wp\/v2\/product_tag?post=12091"}],"curies":[{"name":"wp","href":"https:\/\/api.w.org\/{rel}","templated":true}]}}