{"id":11965,"date":"2026-04-20T12:13:06","date_gmt":"2026-04-20T12:13:06","guid":{"rendered":"https:\/\/hammocknest.com\/pt\/?post_type=product&#038;p=11965"},"modified":"2026-04-20T12:29:29","modified_gmt":"2026-04-20T12:29:29","slug":"hammock-de-banho-bebe-jules-rosa-perfeito-para-agua-contra-colicas-cercadinhas-e-formula-para-bebes","status":"publish","type":"product","link":"https:\/\/hammocknest.com\/pt\/product\/hammock-de-banho-bebe-jules-rosa-perfeito-para-agua-contra-colicas-cercadinhas-e-formula-para-bebes\/","title":{"rendered":"Hammock de Banho Beb\u00ea | Jules &#8211; Rosa &#8211; Perfeito para \u00e1gua contra c\u00f3licas, cercadinhas e f\u00f3rmula para beb\u00eas"},"content":{"rendered":"","protected":false},"excerpt":{"rendered":"","protected":false},"featured_media":12254,"comment_status":"closed","ping_status":"closed","template":"","meta":[],"product_brand":[],"product_cat":[],"product_tag":[285],"class_list":{"0":"post-11965","1":"product","2":"type-product","3":"status-publish","4":"has-post-thumbnail","6":"product_tag-hamac-bebe","8":"first","9":"instock","10":"taxable","11":"shipping-taxable","12":"purchasable","13":"product-type-variable"},"_links":{"self":[{"href":"https:\/\/hammocknest.com\/pt\/wp-json\/wp\/v2\/product\/11965","targetHints":{"allow":["GET"]}}],"collection":[{"href":"https:\/\/hammocknest.com\/pt\/wp-json\/wp\/v2\/product"}],"about":[{"href":"https:\/\/hammocknest.com\/pt\/wp-json\/wp\/v2\/types\/product"}],"replies":[{"embeddable":true,"href":"https:\/\/hammocknest.com\/pt\/wp-json\/wp\/v2\/comments?post=11965"}],"wp:featuredmedia":[{"embeddable":true,"href":"https:\/\/hammocknest.com\/pt\/wp-json\/wp\/v2\/media\/12254"}],"wp:attachment":[{"href":"https:\/\/hammocknest.com\/pt\/wp-json\/wp\/v2\/media?parent=11965"}],"wp:term":[{"taxonomy":"product_brand","embeddable":true,"href":"https:\/\/hammocknest.com\/pt\/wp-json\/wp\/v2\/product_brand?post=11965"},{"taxonomy":"product_cat","embeddable":true,"href":"https:\/\/hammocknest.com\/pt\/wp-json\/wp\/v2\/product_cat?post=11965"},{"taxonomy":"product_tag","embeddable":true,"href":"https:\/\/hammocknest.com\/pt\/wp-json\/wp\/v2\/product_tag?post=11965"}],"curies":[{"name":"wp","href":"https:\/\/api.w.org\/{rel}","templated":true}]}}