{"id":11958,"date":"2026-04-20T12:12:59","date_gmt":"2026-04-20T12:12:59","guid":{"rendered":"https:\/\/hammocknest.com\/pt\/?post_type=product&#038;p=11958"},"modified":"2026-04-20T12:29:28","modified_gmt":"2026-04-20T12:29:28","slug":"hammock-bebe-aviao-angel-o-melhor-espaco-de-brincar-para-bebes","status":"publish","type":"product","link":"https:\/\/hammocknest.com\/pt\/product\/hammock-bebe-aviao-angel-o-melhor-espaco-de-brincar-para-bebes\/","title":{"rendered":"Hammock Beb\u00e9 Avi\u00e3o | Angel &#8211; O Melhor Espa\u00e7o de Brincar para Beb\u00eas"},"content":{"rendered":"","protected":false},"excerpt":{"rendered":"","protected":false},"featured_media":12247,"comment_status":"closed","ping_status":"closed","template":"","meta":[],"product_brand":[],"product_cat":[],"product_tag":[285],"class_list":{"0":"post-11958","1":"product","2":"type-product","3":"status-publish","4":"has-post-thumbnail","6":"product_tag-hamac-bebe","8":"first","9":"instock","10":"taxable","11":"shipping-taxable","12":"purchasable","13":"product-type-variable"},"_links":{"self":[{"href":"https:\/\/hammocknest.com\/pt\/wp-json\/wp\/v2\/product\/11958","targetHints":{"allow":["GET"]}}],"collection":[{"href":"https:\/\/hammocknest.com\/pt\/wp-json\/wp\/v2\/product"}],"about":[{"href":"https:\/\/hammocknest.com\/pt\/wp-json\/wp\/v2\/types\/product"}],"replies":[{"embeddable":true,"href":"https:\/\/hammocknest.com\/pt\/wp-json\/wp\/v2\/comments?post=11958"}],"wp:featuredmedia":[{"embeddable":true,"href":"https:\/\/hammocknest.com\/pt\/wp-json\/wp\/v2\/media\/12247"}],"wp:attachment":[{"href":"https:\/\/hammocknest.com\/pt\/wp-json\/wp\/v2\/media?parent=11958"}],"wp:term":[{"taxonomy":"product_brand","embeddable":true,"href":"https:\/\/hammocknest.com\/pt\/wp-json\/wp\/v2\/product_brand?post=11958"},{"taxonomy":"product_cat","embeddable":true,"href":"https:\/\/hammocknest.com\/pt\/wp-json\/wp\/v2\/product_cat?post=11958"},{"taxonomy":"product_tag","embeddable":true,"href":"https:\/\/hammocknest.com\/pt\/wp-json\/wp\/v2\/product_tag?post=11958"}],"curies":[{"name":"wp","href":"https:\/\/api.w.org\/{rel}","templated":true}]}}