{"id":11885,"date":"2026-04-20T12:12:25","date_gmt":"2026-04-20T12:12:25","guid":{"rendered":"https:\/\/hammocknest.com\/pt\/?post_type=product&#038;p=11885"},"modified":"2026-04-25T20:14:40","modified_gmt":"2026-04-25T20:14:40","slug":"hammock-azul-azur-perfeito-para-relaxar","status":"publish","type":"product","link":"https:\/\/hammocknest.com\/pt\/product\/hammock-azul-azur-perfeito-para-relaxar\/","title":{"rendered":"Hammock Azul | Azur &#8211; Perfeito para Relaxar"},"content":{"rendered":"<p>Descubra a nossa Rede Azul, perfeita para relaxar ao ar livre. Confort\u00e1vel, est\u00e1vel e elegante, embelezar\u00e1 o seu jardim ou terra\u00e7o. Caracter\u00edsticas: Dimens\u00f5es: 220 x 160 cm Capacidade de carga: 200 kg Material: 70% algod\u00e3o, densidade 320g\/m\u00b2 Barras transversais de madeira para maior estabilidade Numerosos cord\u00f5es para melhor suporte da superf\u00edcie Cor: Azul brilhante Tecido refor\u00e7ado para m\u00e1xima durabilidade Perfeito para duas pessoas Ideal para uso ao ar livre Compat\u00edvel com suporte ou pode ser pendurado entre \u00e1rvores Explore a nossa Rede Azul, perfeita para os seus momentos de relaxamento ao ar livre. Gra\u00e7as \u00e0s suas grandes dimens\u00f5es de 220 x 160 cm e \u00e0 sua capacidade de carga de 200 kg, esta rede de algod\u00e3o macio garante conforto e longevidade. As suas travessas em madeira proporcionam uma estabilidade not\u00e1vel, enquanto a sua cor vibrante ilumina o seu jardim, varanda ou terra\u00e7o. Conforto e seguran\u00e7a para toda a fam\u00edlia Gra\u00e7as ao seu tecido refor\u00e7ado e aos cord\u00f5es de sustenta\u00e7\u00e3o, esta rede azul oferece um relaxamento ideal. Ideal para utiliza\u00e7\u00e3o por duas pessoas, pode ser pendurado num suporte ou entre duas \u00e1rvores. Descubra esta rede azul que trar\u00e1 um toque de eleg\u00e2ncia e conforto ao seu espa\u00e7o exterior. Momentos relaxantes ao ar livre proporcionar\u00e3o um relaxamento ideal e um estilo incompar\u00e1vel. Para quem anseia por momentos relaxantes ao ar livre enquanto aprecia as belezas naturais, nossa rede confort\u00e1vel oferece a pausa perfeita para escapar e recarregar energias. Se este modelo lhe agrada, convidamo-lo a navegar por toda a nossa cole\u00e7\u00e3o de redes, para encontrar a vers\u00e3o ideal que se adapta aos seus desejos. POP\/ACADIA\/XL\/PACIFIC\/Q12 Amaccas garante Envio r\u00e1pido (72 horas) Entrega padr\u00e3o gr\u00e1tis! Servi\u00e7o p\u00f3s-venda franc\u00eas e atendimento ao cliente \u00e1gil<\/p>\n","protected":false},"excerpt":{"rendered":"<p>Descubra a nossa Rede Azul, perfeita para relaxar ao ar livre. Confort\u00e1vel, est\u00e1vel e elegante, embelezar\u00e1 o seu jardim ou terra\u00e7o. Caracter\u00edsticas: Dimens\u00f5es: 220 x 160 cm Capacidade de carga: 200 kg Material: 70% algod\u00e3o, densidade 320g\/m\u00b2 Barras transversais de madeira para maior estabilidade Numerosos cord\u00f5es para melhor suporte da superf\u00edcie Cor: Azul brilhante Tecido [&hellip;]<\/p>\n","protected":false},"featured_media":12174,"comment_status":"closed","ping_status":"closed","template":"","meta":[],"product_brand":[],"product_cat":[289],"product_tag":[286],"class_list":{"0":"post-11885","1":"product","2":"type-product","3":"status-publish","4":"has-post-thumbnail","6":"product_cat-rede-de-descanso-com-suporte","7":"product_tag-hamac","9":"first","10":"instock","11":"taxable","12":"shipping-taxable","13":"purchasable","14":"product-type-simple"},"_links":{"self":[{"href":"https:\/\/hammocknest.com\/pt\/wp-json\/wp\/v2\/product\/11885","targetHints":{"allow":["GET"]}}],"collection":[{"href":"https:\/\/hammocknest.com\/pt\/wp-json\/wp\/v2\/product"}],"about":[{"href":"https:\/\/hammocknest.com\/pt\/wp-json\/wp\/v2\/types\/product"}],"replies":[{"embeddable":true,"href":"https:\/\/hammocknest.com\/pt\/wp-json\/wp\/v2\/comments?post=11885"}],"wp:featuredmedia":[{"embeddable":true,"href":"https:\/\/hammocknest.com\/pt\/wp-json\/wp\/v2\/media\/12174"}],"wp:attachment":[{"href":"https:\/\/hammocknest.com\/pt\/wp-json\/wp\/v2\/media?parent=11885"}],"wp:term":[{"taxonomy":"product_brand","embeddable":true,"href":"https:\/\/hammocknest.com\/pt\/wp-json\/wp\/v2\/product_brand?post=11885"},{"taxonomy":"product_cat","embeddable":true,"href":"https:\/\/hammocknest.com\/pt\/wp-json\/wp\/v2\/product_cat?post=11885"},{"taxonomy":"product_tag","embeddable":true,"href":"https:\/\/hammocknest.com\/pt\/wp-json\/wp\/v2\/product_tag?post=11885"}],"curies":[{"name":"wp","href":"https:\/\/api.w.org\/{rel}","templated":true}]}}