{"id":11868,"date":"2026-04-20T12:12:18","date_gmt":"2026-04-20T12:12:18","guid":{"rendered":"https:\/\/hammocknest.com\/pt\/?post_type=product&#038;p=11868"},"modified":"2026-04-20T12:15:10","modified_gmt":"2026-04-20T12:15:10","slug":"rede-inflavel-para-agua-carlo-perfeita-para-relaxar-a-beira-da-piscina","status":"publish","type":"product","link":"https:\/\/hammocknest.com\/pt\/product\/rede-inflavel-para-agua-carlo-perfeita-para-relaxar-a-beira-da-piscina\/","title":{"rendered":"Rede Infl\u00e1vel para \u00c1gua | Carlo &#8211; Perfeita para Relaxar \u00e0 Beira da Piscina"},"content":{"rendered":"","protected":false},"excerpt":{"rendered":"","protected":false},"featured_media":12157,"comment_status":"closed","ping_status":"closed","template":"","meta":[],"product_brand":[],"product_cat":[292],"product_tag":[287],"class_list":{"0":"post-11868","1":"product","2":"type-product","3":"status-publish","4":"has-post-thumbnail","6":"product_cat-rede-de-descanso-inflavel","7":"product_tag-hamac-gonflable","9":"first","10":"instock","11":"taxable","12":"shipping-taxable","13":"purchasable","14":"product-type-simple"},"_links":{"self":[{"href":"https:\/\/hammocknest.com\/pt\/wp-json\/wp\/v2\/product\/11868","targetHints":{"allow":["GET"]}}],"collection":[{"href":"https:\/\/hammocknest.com\/pt\/wp-json\/wp\/v2\/product"}],"about":[{"href":"https:\/\/hammocknest.com\/pt\/wp-json\/wp\/v2\/types\/product"}],"replies":[{"embeddable":true,"href":"https:\/\/hammocknest.com\/pt\/wp-json\/wp\/v2\/comments?post=11868"}],"wp:featuredmedia":[{"embeddable":true,"href":"https:\/\/hammocknest.com\/pt\/wp-json\/wp\/v2\/media\/12157"}],"wp:attachment":[{"href":"https:\/\/hammocknest.com\/pt\/wp-json\/wp\/v2\/media?parent=11868"}],"wp:term":[{"taxonomy":"product_brand","embeddable":true,"href":"https:\/\/hammocknest.com\/pt\/wp-json\/wp\/v2\/product_brand?post=11868"},{"taxonomy":"product_cat","embeddable":true,"href":"https:\/\/hammocknest.com\/pt\/wp-json\/wp\/v2\/product_cat?post=11868"},{"taxonomy":"product_tag","embeddable":true,"href":"https:\/\/hammocknest.com\/pt\/wp-json\/wp\/v2\/product_tag?post=11868"}],"curies":[{"name":"wp","href":"https:\/\/api.w.org\/{rel}","templated":true}]}}