{"id":11841,"date":"2026-04-20T12:12:06","date_gmt":"2026-04-20T12:12:06","guid":{"rendered":"https:\/\/hammocknest.com\/pt\/?post_type=product&#038;p=11841"},"modified":"2026-04-25T20:14:32","modified_gmt":"2026-04-25T20:14:32","slug":"hammock-para-gatos-marie-perfeito-para-maine-coons","status":"publish","type":"product","link":"https:\/\/hammocknest.com\/pt\/product\/hammock-para-gatos-marie-perfeito-para-maine-coons\/","title":{"rendered":"Hammock para Gatos | Marie &#8211; Perfeito para Maine Coons"},"content":{"rendered":"<p>Conhe\u00e7a esta Cama Rede para Gatos e ofere\u00e7a um momento de descanso e relaxamento ao seu animal de estima\u00e7\u00e3o preferido. Caracter\u00edsticas: Madeira maci\u00e7a forte e dur\u00e1vel Instala\u00e7\u00e3o r\u00e1pida e simples na parede Design elegante e economizador de espa\u00e7o \u00d3timo conforto para descanso ou observa\u00e7\u00e3o Adequado para todos os gatos, mesmo os mais ativos Dimens\u00f5es: 39 x 19 x 30,4 cm Ofere\u00e7a ao seu gato um espa\u00e7o alto para relaxar, brincar ou observar. Esta cama de rede para gatos de madeira maci\u00e7a \u00e9 robusta, est\u00e9tica e economiza espa\u00e7o. F\u00e1cil de instalar, adapta-se perfeitamente ao seu interior enquanto responde aos instintos naturais de escalada do seu felino. Ideal para espa\u00e7os pequenos, esta rede alia conforto e durabilidade para o bem-estar di\u00e1rio do seu companheiro de quatro patas. Um espa\u00e7o de observa\u00e7\u00e3o confort\u00e1vel e seguro Concebida para resistir aos saltos e movimentos dos gatos mais din\u00e2micos, esta cama de parede oferece-lhes um ref\u00fagio em altura onde podem descansar ou monitorizar o seu ambiente com total seguran\u00e7a. Conforto, estilo e praticidade aliados para a felicidade do seu gato. Para quem quer aliar est\u00e9tica e conforto para seu felino, nossa rede de balan\u00e7o para gatos se destaca como uma escolha inovadora e confort\u00e1vel. Recomendamos tamb\u00e9m que navegue na nossa extensa gama de redes para gatos, repleta de solu\u00e7\u00f5es para cada necessidade. Amaccas garante envio r\u00e1pido (72 horas) Entrega padr\u00e3o gratuita! Servi\u00e7o p\u00f3s-venda franc\u00eas e atendimento ao cliente \u00e1gil<\/p>\n","protected":false},"excerpt":{"rendered":"<p>Conhe\u00e7a esta Cama Rede para Gatos e ofere\u00e7a um momento de descanso e relaxamento ao seu animal de estima\u00e7\u00e3o preferido. Caracter\u00edsticas: Madeira maci\u00e7a forte e dur\u00e1vel Instala\u00e7\u00e3o r\u00e1pida e simples na parede Design elegante e economizador de espa\u00e7o \u00d3timo conforto para descanso ou observa\u00e7\u00e3o Adequado para todos os gatos, mesmo os mais ativos Dimens\u00f5es: 39 [&hellip;]<\/p>\n","protected":false},"featured_media":12130,"comment_status":"closed","ping_status":"closed","template":"","meta":[],"product_brand":[],"product_cat":[293],"product_tag":[284],"class_list":{"0":"post-11841","1":"product","2":"type-product","3":"status-publish","4":"has-post-thumbnail","6":"product_cat-rede-de-descanso-para-gatos","7":"product_tag-hamac-pour-chat","9":"first","10":"instock","11":"taxable","12":"shipping-taxable","13":"purchasable","14":"product-type-simple"},"_links":{"self":[{"href":"https:\/\/hammocknest.com\/pt\/wp-json\/wp\/v2\/product\/11841","targetHints":{"allow":["GET"]}}],"collection":[{"href":"https:\/\/hammocknest.com\/pt\/wp-json\/wp\/v2\/product"}],"about":[{"href":"https:\/\/hammocknest.com\/pt\/wp-json\/wp\/v2\/types\/product"}],"replies":[{"embeddable":true,"href":"https:\/\/hammocknest.com\/pt\/wp-json\/wp\/v2\/comments?post=11841"}],"wp:featuredmedia":[{"embeddable":true,"href":"https:\/\/hammocknest.com\/pt\/wp-json\/wp\/v2\/media\/12130"}],"wp:attachment":[{"href":"https:\/\/hammocknest.com\/pt\/wp-json\/wp\/v2\/media?parent=11841"}],"wp:term":[{"taxonomy":"product_brand","embeddable":true,"href":"https:\/\/hammocknest.com\/pt\/wp-json\/wp\/v2\/product_brand?post=11841"},{"taxonomy":"product_cat","embeddable":true,"href":"https:\/\/hammocknest.com\/pt\/wp-json\/wp\/v2\/product_cat?post=11841"},{"taxonomy":"product_tag","embeddable":true,"href":"https:\/\/hammocknest.com\/pt\/wp-json\/wp\/v2\/product_tag?post=11841"}],"curies":[{"name":"wp","href":"https:\/\/api.w.org\/{rel}","templated":true}]}}