{"id":9769,"date":"2026-04-20T15:42:44","date_gmt":"2026-04-20T15:42:44","guid":{"rendered":"https:\/\/hammocknest.com\/pl\/?post_type=product&#038;p=9769"},"modified":"2026-04-20T15:53:19","modified_gmt":"2026-04-20T15:53:19","slug":"kocia-hamaka-na-okno-airline-idealna-dla-milosnikow-rolet","status":"publish","type":"product","link":"https:\/\/hammocknest.com\/pl\/product\/kocia-hamaka-na-okno-airline-idealna-dla-milosnikow-rolet\/","title":{"rendered":"Kocia Hamaka na Okno | Airline &#8211; Idealna dla Mi\u0142o\u015bnik\u00f3w Rolet"},"content":{"rendered":"","protected":false},"excerpt":{"rendered":"","protected":false},"featured_media":10058,"comment_status":"closed","ping_status":"closed","template":"","meta":[],"product_brand":[],"product_cat":[294,295],"product_tag":[284],"class_list":{"0":"post-9769","1":"product","2":"type-product","3":"status-publish","4":"has-post-thumbnail","6":"product_cat-hamak-dla-kotow","7":"product_cat-hamak-do-okna","8":"product_tag-hamac-chat-fenetre","10":"first","11":"instock","12":"taxable","13":"shipping-taxable","14":"purchasable","15":"product-type-variable"},"_links":{"self":[{"href":"https:\/\/hammocknest.com\/pl\/wp-json\/wp\/v2\/product\/9769","targetHints":{"allow":["GET"]}}],"collection":[{"href":"https:\/\/hammocknest.com\/pl\/wp-json\/wp\/v2\/product"}],"about":[{"href":"https:\/\/hammocknest.com\/pl\/wp-json\/wp\/v2\/types\/product"}],"replies":[{"embeddable":true,"href":"https:\/\/hammocknest.com\/pl\/wp-json\/wp\/v2\/comments?post=9769"}],"wp:featuredmedia":[{"embeddable":true,"href":"https:\/\/hammocknest.com\/pl\/wp-json\/wp\/v2\/media\/10058"}],"wp:attachment":[{"href":"https:\/\/hammocknest.com\/pl\/wp-json\/wp\/v2\/media?parent=9769"}],"wp:term":[{"taxonomy":"product_brand","embeddable":true,"href":"https:\/\/hammocknest.com\/pl\/wp-json\/wp\/v2\/product_brand?post=9769"},{"taxonomy":"product_cat","embeddable":true,"href":"https:\/\/hammocknest.com\/pl\/wp-json\/wp\/v2\/product_cat?post=9769"},{"taxonomy":"product_tag","embeddable":true,"href":"https:\/\/hammocknest.com\/pl\/wp-json\/wp\/v2\/product_tag?post=9769"}],"curies":[{"name":"wp","href":"https:\/\/api.w.org\/{rel}","templated":true}]}}