{"id":9759,"date":"2026-04-20T15:42:41","date_gmt":"2026-04-20T15:42:41","guid":{"rendered":"https:\/\/hammocknest.com\/pl\/?post_type=product&#038;p=9759"},"modified":"2026-04-20T15:53:18","modified_gmt":"2026-04-20T15:53:18","slug":"pas-do-hamaka-wysoka-wytrzymalosc","status":"publish","type":"product","link":"https:\/\/hammocknest.com\/pl\/product\/pas-do-hamaka-wysoka-wytrzymalosc\/","title":{"rendered":"Pas do Hamaka | Wysoka Wytrzyma\u0142o\u015b\u0107"},"content":{"rendered":"","protected":false},"excerpt":{"rendered":"","protected":false},"featured_media":10048,"comment_status":"closed","ping_status":"closed","template":"","meta":[],"product_brand":[],"product_cat":[290],"product_tag":[280],"class_list":{"0":"post-9759","1":"product","2":"type-product","3":"status-publish","4":"has-post-thumbnail","6":"product_cat-hamak-na-stojaku","7":"product_tag-fixation-hamac","9":"first","10":"instock","11":"taxable","12":"shipping-taxable","13":"purchasable","14":"product-type-variable"},"_links":{"self":[{"href":"https:\/\/hammocknest.com\/pl\/wp-json\/wp\/v2\/product\/9759","targetHints":{"allow":["GET"]}}],"collection":[{"href":"https:\/\/hammocknest.com\/pl\/wp-json\/wp\/v2\/product"}],"about":[{"href":"https:\/\/hammocknest.com\/pl\/wp-json\/wp\/v2\/types\/product"}],"replies":[{"embeddable":true,"href":"https:\/\/hammocknest.com\/pl\/wp-json\/wp\/v2\/comments?post=9759"}],"wp:featuredmedia":[{"embeddable":true,"href":"https:\/\/hammocknest.com\/pl\/wp-json\/wp\/v2\/media\/10048"}],"wp:attachment":[{"href":"https:\/\/hammocknest.com\/pl\/wp-json\/wp\/v2\/media?parent=9759"}],"wp:term":[{"taxonomy":"product_brand","embeddable":true,"href":"https:\/\/hammocknest.com\/pl\/wp-json\/wp\/v2\/product_brand?post=9759"},{"taxonomy":"product_cat","embeddable":true,"href":"https:\/\/hammocknest.com\/pl\/wp-json\/wp\/v2\/product_cat?post=9759"},{"taxonomy":"product_tag","embeddable":true,"href":"https:\/\/hammocknest.com\/pl\/wp-json\/wp\/v2\/product_tag?post=9759"}],"curies":[{"name":"wp","href":"https:\/\/api.w.org\/{rel}","templated":true}]}}