{"id":9743,"date":"2026-04-20T15:42:35","date_gmt":"2026-04-20T15:42:35","guid":{"rendered":"https:\/\/hammocknest.com\/pl\/?post_type=product&#038;p=9743"},"modified":"2026-04-25T21:21:07","modified_gmt":"2026-04-25T21:21:07","slug":"hamak-dla-dwoch-osob-z-siatka-przeciw-komarom-alouate","status":"publish","type":"product","link":"https:\/\/hammocknest.com\/pl\/product\/hamak-dla-dwoch-osob-z-siatka-przeciw-komarom-alouate\/","title":{"rendered":"Hamak dla Dw\u00f3ch Os\u00f3b z Siatk\u0105 Przeciw Komarom | Alouate"},"content":{"rendered":"<p>Poczuj najwy\u017cszy relaks dzi\u0119ki naszemu hamakowi dla dw\u00f3ch os\u00f3b z wbudowan\u0105 moskitier\u0105, zaprojektowanemu, aby uatrakcyjni\u0107 Twoje przygody na \u015bwie\u017cym powietrzu. Wyobra\u017a sobie, \u017ce mo\u017cesz wygodnie wypoczywa\u0107 z ukochan\u0105 osob\u0105, w otoczeniu natury i jednocze\u015bnie chronionym przed irytuj\u0105cymi owadami. Ten hamak jest idealny na wycieczki kempingowe, relaks w ogrodzie lub dzie\u0144 na pla\u017cy.<\/p>\n<p>Wykonany z trwa\u0142ego, oddychaj\u0105cego materia\u0142u zapewnia zar\u00f3wno wygod\u0119, jak i trwa\u0142o\u015b\u0107, pozwalaj\u0105c na wielogodzinny relaks bez \u017cadnego dyskomfortu. Przestronny projekt pomie\u015bci bez wysi\u0142ku dwie osoby, co czyni go idealnym wyborem dla par lub przyjaci\u00f3\u0142 pragn\u0105cych sp\u0119dzi\u0107 spokojny wypoczynek. Dodatkowo zintegrowana moskitiera zapewnia dodatkow\u0105 warstw\u0119 ochrony, pozwalaj\u0105c cieszy\u0107 si\u0119 wspania\u0142ym czasem na \u015bwie\u017cym powietrzu bez obawy o uk\u0105szenia.<\/p>\n<p>Odmie\u0144 swoje wra\u017cenia na \u015bwie\u017cym powietrzu i tw\u00f3rz trwa\u0142e wspomnienia w tym przytulnym raju. Nie przegap szansy na stylowy relaks \u2013 z\u0142ap sw\u00f3j ju\u017c dzi\u015b i rozkoszuj si\u0119 spokojem natury!<\/p>\n","protected":false},"excerpt":{"rendered":"<p>Poczuj najwy\u017cszy relaks dzi\u0119ki naszemu hamakowi dla dw\u00f3ch os\u00f3b z wbudowan\u0105 moskitier\u0105, zaprojektowanemu, aby uatrakcyjni\u0107 Twoje przygody na \u015bwie\u017cym powietrzu. Wyobra\u017a sobie, \u017ce mo\u017cesz wygodnie wypoczywa\u0107 z ukochan\u0105 osob\u0105, w otoczeniu natury i jednocze\u015bnie chronionym przed irytuj\u0105cymi owadami. Ten hamak jest idealny na wycieczki kempingowe, relaks w ogrodzie lub dzie\u0144 na pla\u017cy. Wykonany z trwa\u0142ego, [&hellip;]<\/p>\n","protected":false},"featured_media":10032,"comment_status":"closed","ping_status":"closed","template":"","meta":[],"product_brand":[],"product_cat":[],"product_tag":[281],"class_list":{"0":"post-9743","1":"product","2":"type-product","3":"status-publish","4":"has-post-thumbnail","6":"product_tag-hamac-moustiquaire","8":"first","9":"instock","10":"taxable","11":"shipping-taxable","12":"purchasable","13":"product-type-variable"},"_links":{"self":[{"href":"https:\/\/hammocknest.com\/pl\/wp-json\/wp\/v2\/product\/9743","targetHints":{"allow":["GET"]}}],"collection":[{"href":"https:\/\/hammocknest.com\/pl\/wp-json\/wp\/v2\/product"}],"about":[{"href":"https:\/\/hammocknest.com\/pl\/wp-json\/wp\/v2\/types\/product"}],"replies":[{"embeddable":true,"href":"https:\/\/hammocknest.com\/pl\/wp-json\/wp\/v2\/comments?post=9743"}],"wp:featuredmedia":[{"embeddable":true,"href":"https:\/\/hammocknest.com\/pl\/wp-json\/wp\/v2\/media\/10032"}],"wp:attachment":[{"href":"https:\/\/hammocknest.com\/pl\/wp-json\/wp\/v2\/media?parent=9743"}],"wp:term":[{"taxonomy":"product_brand","embeddable":true,"href":"https:\/\/hammocknest.com\/pl\/wp-json\/wp\/v2\/product_brand?post=9743"},{"taxonomy":"product_cat","embeddable":true,"href":"https:\/\/hammocknest.com\/pl\/wp-json\/wp\/v2\/product_cat?post=9743"},{"taxonomy":"product_tag","embeddable":true,"href":"https:\/\/hammocknest.com\/pl\/wp-json\/wp\/v2\/product_tag?post=9743"}],"curies":[{"name":"wp","href":"https:\/\/api.w.org\/{rel}","templated":true}]}}