{"id":9733,"date":"2026-04-20T15:42:32","date_gmt":"2026-04-20T15:42:32","guid":{"rendered":"https:\/\/hammocknest.com\/pl\/?post_type=product&#038;p=9733"},"modified":"2026-04-25T21:21:01","modified_gmt":"2026-04-25T21:21:01","slug":"hamak-dla-kota-willy","status":"publish","type":"product","link":"https:\/\/hammocknest.com\/pl\/product\/hamak-dla-kota-willy\/","title":{"rendered":"Hamak dla Kota | Willy"},"content":{"rendered":"<p>Zapewnij swojemu zwierzakowi drzemk\u0119 na wysoko\u015bci dzi\u0119ki temu fotelowi hamakowemu dla kota. Mi\u0119kki i oddychaj\u0105cy materia\u0142 zapewni maksymalny komfort. Charakterystyka: Wysokiej jako\u015bci mi\u0119kki i ciep\u0142y materia\u0142 Wz\u00f3r w kropki Zapinany na 4 karabi\u0144czyki Dost\u0119pne 2 rozmiary Dzi\u0119ki bardzo mi\u0119kkiemu bawe\u0142nianemu p\u0142\u00f3tnu, ten wysokiej jako\u015bci fotel hamakowy dla kota b\u0119dzie idealny do zapewnienia Twojemu zwierzakowi bardzo wygodnej drzemki. Mocny i trwa\u0142y, z \u0142atwo\u015bci\u0105 powiesi si\u0119 pod krzes\u0142em lub w klatce. Karabi\u0144czyki pozwalaj\u0105 na \u0142atwy i szybki monta\u017c. Tw\u00f3j kot skorzysta z lekko podwy\u017cszonego punktu widzenia podczas odpoczynku. Jest to idealny produkt, kt\u00f3ry pozwoli zaoszcz\u0119dzi\u0107 miejsce w Twoim wn\u0119trzu. Dla tych, kt\u00f3rzy chc\u0105 po\u0142\u0105czy\u0107 estetyk\u0119 i wygod\u0119 dla swojego kota, nasz hamak do piel\u0119gnacji kota wyr\u00f3\u017cnia si\u0119 jako innowacyjny i wygodny wyb\u00f3r. Polecamy r\u00f3wnie\u017c zapozna\u0107 si\u0119 z nasz\u0105 bogat\u0105 ofert\u0105 hamak\u00f3w dla kot\u00f3w, pe\u0142n\u0105 rozwi\u0105za\u0144 na ka\u017cd\u0105 potrzeb\u0119. Amaccas gwarantuje szybk\u0105 wysy\u0142k\u0119 (72 godziny) Bezp\u0142atna standardowa dostawa! Francuska obs\u0142uga posprzeda\u017cna i elastyczna obs\u0142uga klienta<\/p>\n","protected":false},"excerpt":{"rendered":"<p>Zapewnij swojemu zwierzakowi drzemk\u0119 na wysoko\u015bci dzi\u0119ki temu fotelowi hamakowemu dla kota. Mi\u0119kki i oddychaj\u0105cy materia\u0142 zapewni maksymalny komfort. Charakterystyka: Wysokiej jako\u015bci mi\u0119kki i ciep\u0142y materia\u0142 Wz\u00f3r w kropki Zapinany na 4 karabi\u0144czyki Dost\u0119pne 2 rozmiary Dzi\u0119ki bardzo mi\u0119kkiemu bawe\u0142nianemu p\u0142\u00f3tnu, ten wysokiej jako\u015bci fotel hamakowy dla kota b\u0119dzie idealny do zapewnienia Twojemu zwierzakowi bardzo [&hellip;]<\/p>\n","protected":false},"featured_media":10022,"comment_status":"closed","ping_status":"closed","template":"","meta":[],"product_brand":[],"product_cat":[294],"product_tag":[285],"class_list":{"0":"post-9733","1":"product","2":"type-product","3":"status-publish","4":"has-post-thumbnail","6":"product_cat-hamak-dla-kotow","7":"product_tag-hamac-pour-chat","9":"first","10":"instock","11":"taxable","12":"shipping-taxable","13":"purchasable","14":"product-type-variable"},"_links":{"self":[{"href":"https:\/\/hammocknest.com\/pl\/wp-json\/wp\/v2\/product\/9733","targetHints":{"allow":["GET"]}}],"collection":[{"href":"https:\/\/hammocknest.com\/pl\/wp-json\/wp\/v2\/product"}],"about":[{"href":"https:\/\/hammocknest.com\/pl\/wp-json\/wp\/v2\/types\/product"}],"replies":[{"embeddable":true,"href":"https:\/\/hammocknest.com\/pl\/wp-json\/wp\/v2\/comments?post=9733"}],"wp:featuredmedia":[{"embeddable":true,"href":"https:\/\/hammocknest.com\/pl\/wp-json\/wp\/v2\/media\/10022"}],"wp:attachment":[{"href":"https:\/\/hammocknest.com\/pl\/wp-json\/wp\/v2\/media?parent=9733"}],"wp:term":[{"taxonomy":"product_brand","embeddable":true,"href":"https:\/\/hammocknest.com\/pl\/wp-json\/wp\/v2\/product_brand?post=9733"},{"taxonomy":"product_cat","embeddable":true,"href":"https:\/\/hammocknest.com\/pl\/wp-json\/wp\/v2\/product_cat?post=9733"},{"taxonomy":"product_tag","embeddable":true,"href":"https:\/\/hammocknest.com\/pl\/wp-json\/wp\/v2\/product_tag?post=9733"}],"curies":[{"name":"wp","href":"https:\/\/api.w.org\/{rel}","templated":true}]}}