{"id":9705,"date":"2026-04-20T15:42:22","date_gmt":"2026-04-20T15:42:22","guid":{"rendered":"https:\/\/hammocknest.com\/pl\/?post_type=product&#038;p=9705"},"modified":"2026-04-20T15:53:10","modified_gmt":"2026-04-20T15:53:10","slug":"plywajaca-hamaka-do-basenu-gabry-idealna-dla-kotow-maine-coon","status":"publish","type":"product","link":"https:\/\/hammocknest.com\/pl\/product\/plywajaca-hamaka-do-basenu-gabry-idealna-dla-kotow-maine-coon\/","title":{"rendered":"P\u0142ywaj\u0105ca Hamaka do Basenu | Gabry &#8211; Idealna dla Kot\u00f3w Maine Coon"},"content":{"rendered":"","protected":false},"excerpt":{"rendered":"","protected":false},"featured_media":9994,"comment_status":"closed","ping_status":"closed","template":"","meta":[],"product_brand":[],"product_cat":[],"product_tag":[288],"class_list":{"0":"post-9705","1":"product","2":"type-product","3":"status-publish","4":"has-post-thumbnail","6":"product_tag-hamac-gonflable","8":"first","9":"instock","10":"taxable","11":"shipping-taxable","12":"purchasable","13":"product-type-variable"},"_links":{"self":[{"href":"https:\/\/hammocknest.com\/pl\/wp-json\/wp\/v2\/product\/9705","targetHints":{"allow":["GET"]}}],"collection":[{"href":"https:\/\/hammocknest.com\/pl\/wp-json\/wp\/v2\/product"}],"about":[{"href":"https:\/\/hammocknest.com\/pl\/wp-json\/wp\/v2\/types\/product"}],"replies":[{"embeddable":true,"href":"https:\/\/hammocknest.com\/pl\/wp-json\/wp\/v2\/comments?post=9705"}],"wp:featuredmedia":[{"embeddable":true,"href":"https:\/\/hammocknest.com\/pl\/wp-json\/wp\/v2\/media\/9994"}],"wp:attachment":[{"href":"https:\/\/hammocknest.com\/pl\/wp-json\/wp\/v2\/media?parent=9705"}],"wp:term":[{"taxonomy":"product_brand","embeddable":true,"href":"https:\/\/hammocknest.com\/pl\/wp-json\/wp\/v2\/product_brand?post=9705"},{"taxonomy":"product_cat","embeddable":true,"href":"https:\/\/hammocknest.com\/pl\/wp-json\/wp\/v2\/product_cat?post=9705"},{"taxonomy":"product_tag","embeddable":true,"href":"https:\/\/hammocknest.com\/pl\/wp-json\/wp\/v2\/product_tag?post=9705"}],"curies":[{"name":"wp","href":"https:\/\/api.w.org\/{rel}","templated":true}]}}