{"id":9677,"date":"2026-04-20T15:42:12","date_gmt":"2026-04-20T15:42:12","guid":{"rendered":"https:\/\/hammocknest.com\/pl\/?post_type=product&#038;p=9677"},"modified":"2026-04-25T20:29:13","modified_gmt":"2026-04-25T20:29:13","slug":"hamak-designerski-laly-styl-i-komfort","status":"publish","type":"product","link":"https:\/\/hammocknest.com\/pl\/product\/hamak-designerski-laly-styl-i-komfort\/","title":{"rendered":"Hamak Designerski | Laly &#8211; Styl i Komfort"},"content":{"rendered":"<p>Podnie\u015b poziom relaksu dzi\u0119ki doskona\u0142emu po\u0142\u0105czeniu stylu i wygody. Ten designerski hamak zosta\u0142 stworzony, aby zapewni\u0107 Ci spokojn\u0105 ucieczk\u0119, pozwalaj\u0105c Ci si\u0119 zrelaksowa\u0107 i rozkoszowa\u0107 pi\u0119knem otoczenia. Jego elegancki wygl\u0105d nie tylko upi\u0119ksza przestrze\u0144 na \u015bwie\u017cym powietrzu, ale tak\u017ce zach\u0119ca do oddania si\u0119 chwilom spokoju.<\/p>\n<p>Wykonany z wysokiej jako\u015bci materia\u0142\u00f3w hamak zapewnia trwa\u0142o\u015b\u0107, a jednocze\u015bnie zapewnia mi\u0119kkie, przytulne miejsce do wypoczynku. Przestronna konstrukcja pomie\u015bci wielu u\u017cytkownik\u00f3w, dzi\u0119ki czemu idealnie nadaje si\u0119 na rodzinne spotkania lub spokojne popo\u0142udnia z dobr\u0105 ksi\u0105\u017ck\u0105. Jego lekka konstrukcja zapewnia \u0142atw\u0105 przeno\u015bno\u015b\u0107, dzi\u0119ki czemu mo\u017cesz zabra\u0107 sw\u00f3j relaks w dowolne miejsce, czy to na podw\u00f3rku, czy na wycieczce kempingowej.<\/p>\n<p>Przekszta\u0142\u0107 sw\u00f3j przest\u00f3j w stylowy wypoczynek i do\u015bwiadcz najwy\u017cszego relaksu. Nie przegap okazji, aby doda\u0107 ten wyj\u0105tkowy egzemplarz do swojej kolekcji outdoorowej. Kup teraz i ciesz si\u0119 wygod\u0105, na kt\u00f3r\u0105 zas\u0142ugujesz!<\/p>\n","protected":false},"excerpt":{"rendered":"<p>Podnie\u015b poziom relaksu dzi\u0119ki doskona\u0142emu po\u0142\u0105czeniu stylu i wygody. Ten designerski hamak zosta\u0142 stworzony, aby zapewni\u0107 Ci spokojn\u0105 ucieczk\u0119, pozwalaj\u0105c Ci si\u0119 zrelaksowa\u0107 i rozkoszowa\u0107 pi\u0119knem otoczenia. Jego elegancki wygl\u0105d nie tylko upi\u0119ksza przestrze\u0144 na \u015bwie\u017cym powietrzu, ale tak\u017ce zach\u0119ca do oddania si\u0119 chwilom spokoju. Wykonany z wysokiej jako\u015bci materia\u0142\u00f3w hamak zapewnia trwa\u0142o\u015b\u0107, a jednocze\u015bnie [&hellip;]<\/p>\n","protected":false},"featured_media":9966,"comment_status":"closed","ping_status":"closed","template":"","meta":[],"product_brand":[],"product_cat":[],"product_tag":[287],"class_list":{"0":"post-9677","1":"product","2":"type-product","3":"status-publish","4":"has-post-thumbnail","6":"product_tag-hamac","8":"first","9":"instock","10":"taxable","11":"shipping-taxable","12":"purchasable","13":"product-type-simple"},"_links":{"self":[{"href":"https:\/\/hammocknest.com\/pl\/wp-json\/wp\/v2\/product\/9677","targetHints":{"allow":["GET"]}}],"collection":[{"href":"https:\/\/hammocknest.com\/pl\/wp-json\/wp\/v2\/product"}],"about":[{"href":"https:\/\/hammocknest.com\/pl\/wp-json\/wp\/v2\/types\/product"}],"replies":[{"embeddable":true,"href":"https:\/\/hammocknest.com\/pl\/wp-json\/wp\/v2\/comments?post=9677"}],"wp:featuredmedia":[{"embeddable":true,"href":"https:\/\/hammocknest.com\/pl\/wp-json\/wp\/v2\/media\/9966"}],"wp:attachment":[{"href":"https:\/\/hammocknest.com\/pl\/wp-json\/wp\/v2\/media?parent=9677"}],"wp:term":[{"taxonomy":"product_brand","embeddable":true,"href":"https:\/\/hammocknest.com\/pl\/wp-json\/wp\/v2\/product_brand?post=9677"},{"taxonomy":"product_cat","embeddable":true,"href":"https:\/\/hammocknest.com\/pl\/wp-json\/wp\/v2\/product_cat?post=9677"},{"taxonomy":"product_tag","embeddable":true,"href":"https:\/\/hammocknest.com\/pl\/wp-json\/wp\/v2\/product_tag?post=9677"}],"curies":[{"name":"wp","href":"https:\/\/api.w.org\/{rel}","templated":true}]}}