{"id":9660,"date":"2026-04-20T15:42:04","date_gmt":"2026-04-20T15:42:04","guid":{"rendered":"https:\/\/hammocknest.com\/pl\/?post_type=product&#038;p=9660"},"modified":"2026-04-20T15:44:40","modified_gmt":"2026-04-20T15:44:40","slug":"hamak-scienny-dla-kotow-ushi-idealny-do-twoich-zaluzji","status":"publish","type":"product","link":"https:\/\/hammocknest.com\/pl\/product\/hamak-scienny-dla-kotow-ushi-idealny-do-twoich-zaluzji\/","title":{"rendered":"Hamak \u015acienny dla Kot\u00f3w | Ushi &#8211; Idealny do Twoich \u017baluzji"},"content":{"rendered":"","protected":false},"excerpt":{"rendered":"","protected":false},"featured_media":9949,"comment_status":"closed","ping_status":"closed","template":"","meta":[],"product_brand":[],"product_cat":[299,295],"product_tag":[285],"class_list":{"0":"post-9660","1":"product","2":"type-product","3":"status-publish","4":"has-post-thumbnail","6":"product_cat-hamak-dla-kotow-do-okna","7":"product_cat-hamak-do-okna","8":"product_tag-hamac-pour-chat","10":"first","11":"instock","12":"taxable","13":"shipping-taxable","14":"purchasable","15":"product-type-simple"},"_links":{"self":[{"href":"https:\/\/hammocknest.com\/pl\/wp-json\/wp\/v2\/product\/9660","targetHints":{"allow":["GET"]}}],"collection":[{"href":"https:\/\/hammocknest.com\/pl\/wp-json\/wp\/v2\/product"}],"about":[{"href":"https:\/\/hammocknest.com\/pl\/wp-json\/wp\/v2\/types\/product"}],"replies":[{"embeddable":true,"href":"https:\/\/hammocknest.com\/pl\/wp-json\/wp\/v2\/comments?post=9660"}],"wp:featuredmedia":[{"embeddable":true,"href":"https:\/\/hammocknest.com\/pl\/wp-json\/wp\/v2\/media\/9949"}],"wp:attachment":[{"href":"https:\/\/hammocknest.com\/pl\/wp-json\/wp\/v2\/media?parent=9660"}],"wp:term":[{"taxonomy":"product_brand","embeddable":true,"href":"https:\/\/hammocknest.com\/pl\/wp-json\/wp\/v2\/product_brand?post=9660"},{"taxonomy":"product_cat","embeddable":true,"href":"https:\/\/hammocknest.com\/pl\/wp-json\/wp\/v2\/product_cat?post=9660"},{"taxonomy":"product_tag","embeddable":true,"href":"https:\/\/hammocknest.com\/pl\/wp-json\/wp\/v2\/product_tag?post=9660"}],"curies":[{"name":"wp","href":"https:\/\/api.w.org\/{rel}","templated":true}]}}