{"id":9649,"date":"2026-04-20T15:41:57","date_gmt":"2026-04-20T15:41:57","guid":{"rendered":"https:\/\/hammocknest.com\/pl\/?post_type=product&#038;p=9649"},"modified":"2026-04-20T15:44:34","modified_gmt":"2026-04-20T15:44:34","slug":"wiszaca-kolyska-dla-blizniakow-paul","status":"publish","type":"product","link":"https:\/\/hammocknest.com\/pl\/product\/wiszaca-kolyska-dla-blizniakow-paul\/","title":{"rendered":"Wisz\u0105ca Ko\u0142yska dla Bli\u017aniak\u00f3w | Paul"},"content":{"rendered":"","protected":false},"excerpt":{"rendered":"","protected":false},"featured_media":9938,"comment_status":"closed","ping_status":"closed","template":"","meta":[],"product_brand":[],"product_cat":[],"product_tag":[],"class_list":{"0":"post-9649","1":"product","2":"type-product","3":"status-publish","4":"has-post-thumbnail","7":"first","8":"instock","9":"taxable","10":"shipping-taxable","11":"purchasable","12":"product-type-simple"},"_links":{"self":[{"href":"https:\/\/hammocknest.com\/pl\/wp-json\/wp\/v2\/product\/9649","targetHints":{"allow":["GET"]}}],"collection":[{"href":"https:\/\/hammocknest.com\/pl\/wp-json\/wp\/v2\/product"}],"about":[{"href":"https:\/\/hammocknest.com\/pl\/wp-json\/wp\/v2\/types\/product"}],"replies":[{"embeddable":true,"href":"https:\/\/hammocknest.com\/pl\/wp-json\/wp\/v2\/comments?post=9649"}],"wp:featuredmedia":[{"embeddable":true,"href":"https:\/\/hammocknest.com\/pl\/wp-json\/wp\/v2\/media\/9938"}],"wp:attachment":[{"href":"https:\/\/hammocknest.com\/pl\/wp-json\/wp\/v2\/media?parent=9649"}],"wp:term":[{"taxonomy":"product_brand","embeddable":true,"href":"https:\/\/hammocknest.com\/pl\/wp-json\/wp\/v2\/product_brand?post=9649"},{"taxonomy":"product_cat","embeddable":true,"href":"https:\/\/hammocknest.com\/pl\/wp-json\/wp\/v2\/product_cat?post=9649"},{"taxonomy":"product_tag","embeddable":true,"href":"https:\/\/hammocknest.com\/pl\/wp-json\/wp\/v2\/product_tag?post=9649"}],"curies":[{"name":"wp","href":"https:\/\/api.w.org\/{rel}","templated":true}]}}