{"id":9619,"date":"2026-04-20T15:41:45","date_gmt":"2026-04-20T15:41:45","guid":{"rendered":"https:\/\/hammocknest.com\/pl\/?post_type=product&#038;p=9619"},"modified":"2026-04-20T15:52:56","modified_gmt":"2026-04-20T15:52:56","slug":"hamak-dzieciecy-samolot-angel-najlepsza-przestrzen-do-zabawy-dla-niemowlat","status":"publish","type":"product","link":"https:\/\/hammocknest.com\/pl\/product\/hamak-dzieciecy-samolot-angel-najlepsza-przestrzen-do-zabawy-dla-niemowlat\/","title":{"rendered":"Hamak Dzieci\u0119cy Samolot | Angel &#8211; Najlepsza Przestrze\u0144 do Zabawy dla Niemowl\u0105t"},"content":{"rendered":"","protected":false},"excerpt":{"rendered":"","protected":false},"featured_media":9908,"comment_status":"closed","ping_status":"closed","template":"","meta":[],"product_brand":[],"product_cat":[],"product_tag":[286],"class_list":{"0":"post-9619","1":"product","2":"type-product","3":"status-publish","4":"has-post-thumbnail","6":"product_tag-hamac-bebe","8":"first","9":"instock","10":"taxable","11":"shipping-taxable","12":"purchasable","13":"product-type-variable"},"_links":{"self":[{"href":"https:\/\/hammocknest.com\/pl\/wp-json\/wp\/v2\/product\/9619","targetHints":{"allow":["GET"]}}],"collection":[{"href":"https:\/\/hammocknest.com\/pl\/wp-json\/wp\/v2\/product"}],"about":[{"href":"https:\/\/hammocknest.com\/pl\/wp-json\/wp\/v2\/types\/product"}],"replies":[{"embeddable":true,"href":"https:\/\/hammocknest.com\/pl\/wp-json\/wp\/v2\/comments?post=9619"}],"wp:featuredmedia":[{"embeddable":true,"href":"https:\/\/hammocknest.com\/pl\/wp-json\/wp\/v2\/media\/9908"}],"wp:attachment":[{"href":"https:\/\/hammocknest.com\/pl\/wp-json\/wp\/v2\/media?parent=9619"}],"wp:term":[{"taxonomy":"product_brand","embeddable":true,"href":"https:\/\/hammocknest.com\/pl\/wp-json\/wp\/v2\/product_brand?post=9619"},{"taxonomy":"product_cat","embeddable":true,"href":"https:\/\/hammocknest.com\/pl\/wp-json\/wp\/v2\/product_cat?post=9619"},{"taxonomy":"product_tag","embeddable":true,"href":"https:\/\/hammocknest.com\/pl\/wp-json\/wp\/v2\/product_tag?post=9619"}],"curies":[{"name":"wp","href":"https:\/\/api.w.org\/{rel}","templated":true}]}}