{"id":9618,"date":"2026-04-20T15:41:45","date_gmt":"2026-04-20T15:41:45","guid":{"rendered":"https:\/\/hammocknest.com\/pl\/?post_type=product&#038;p=9618"},"modified":"2026-04-20T15:52:55","modified_gmt":"2026-04-20T15:52:55","slug":"hamak-do-lozeczka-dzieciecego-samuel-idealny-do-zabawy","status":"publish","type":"product","link":"https:\/\/hammocknest.com\/pl\/product\/hamak-do-lozeczka-dzieciecego-samuel-idealny-do-zabawy\/","title":{"rendered":"Hamak do \u0141\u00f3\u017ceczka Dzieci\u0119cego | Samuel &#8211; Idealny do Zabawy"},"content":{"rendered":"","protected":false},"excerpt":{"rendered":"","protected":false},"featured_media":9907,"comment_status":"closed","ping_status":"closed","template":"","meta":[],"product_brand":[],"product_cat":[],"product_tag":[286],"class_list":{"0":"post-9618","1":"product","2":"type-product","3":"status-publish","4":"has-post-thumbnail","6":"product_tag-hamac-bebe","8":"first","9":"instock","10":"taxable","11":"shipping-taxable","12":"purchasable","13":"product-type-variable"},"_links":{"self":[{"href":"https:\/\/hammocknest.com\/pl\/wp-json\/wp\/v2\/product\/9618","targetHints":{"allow":["GET"]}}],"collection":[{"href":"https:\/\/hammocknest.com\/pl\/wp-json\/wp\/v2\/product"}],"about":[{"href":"https:\/\/hammocknest.com\/pl\/wp-json\/wp\/v2\/types\/product"}],"replies":[{"embeddable":true,"href":"https:\/\/hammocknest.com\/pl\/wp-json\/wp\/v2\/comments?post=9618"}],"wp:featuredmedia":[{"embeddable":true,"href":"https:\/\/hammocknest.com\/pl\/wp-json\/wp\/v2\/media\/9907"}],"wp:attachment":[{"href":"https:\/\/hammocknest.com\/pl\/wp-json\/wp\/v2\/media?parent=9618"}],"wp:term":[{"taxonomy":"product_brand","embeddable":true,"href":"https:\/\/hammocknest.com\/pl\/wp-json\/wp\/v2\/product_brand?post=9618"},{"taxonomy":"product_cat","embeddable":true,"href":"https:\/\/hammocknest.com\/pl\/wp-json\/wp\/v2\/product_cat?post=9618"},{"taxonomy":"product_tag","embeddable":true,"href":"https:\/\/hammocknest.com\/pl\/wp-json\/wp\/v2\/product_tag?post=9618"}],"curies":[{"name":"wp","href":"https:\/\/api.w.org\/{rel}","templated":true}]}}