{"id":9609,"date":"2026-04-20T15:41:42","date_gmt":"2026-04-20T15:41:42","guid":{"rendered":"https:\/\/hammocknest.com\/pl\/?post_type=product&#038;p=9609"},"modified":"2026-04-20T15:44:11","modified_gmt":"2026-04-20T15:44:11","slug":"hamak-na-sciane-dla-kota-chloe","status":"publish","type":"product","link":"https:\/\/hammocknest.com\/pl\/product\/hamak-na-sciane-dla-kota-chloe\/","title":{"rendered":"Hamak na \u015acian\u0119 dla Kota | Chlo\u00e9"},"content":{"rendered":"","protected":false},"excerpt":{"rendered":"","protected":false},"featured_media":9898,"comment_status":"closed","ping_status":"closed","template":"","meta":[],"product_brand":[],"product_cat":[294,299],"product_tag":[285],"class_list":{"0":"post-9609","1":"product","2":"type-product","3":"status-publish","4":"has-post-thumbnail","6":"product_cat-hamak-dla-kotow","7":"product_cat-hamak-dla-kotow-do-okna","8":"product_tag-hamac-pour-chat","10":"first","11":"instock","12":"taxable","13":"shipping-taxable","14":"purchasable","15":"product-type-simple"},"_links":{"self":[{"href":"https:\/\/hammocknest.com\/pl\/wp-json\/wp\/v2\/product\/9609","targetHints":{"allow":["GET"]}}],"collection":[{"href":"https:\/\/hammocknest.com\/pl\/wp-json\/wp\/v2\/product"}],"about":[{"href":"https:\/\/hammocknest.com\/pl\/wp-json\/wp\/v2\/types\/product"}],"replies":[{"embeddable":true,"href":"https:\/\/hammocknest.com\/pl\/wp-json\/wp\/v2\/comments?post=9609"}],"wp:featuredmedia":[{"embeddable":true,"href":"https:\/\/hammocknest.com\/pl\/wp-json\/wp\/v2\/media\/9898"}],"wp:attachment":[{"href":"https:\/\/hammocknest.com\/pl\/wp-json\/wp\/v2\/media?parent=9609"}],"wp:term":[{"taxonomy":"product_brand","embeddable":true,"href":"https:\/\/hammocknest.com\/pl\/wp-json\/wp\/v2\/product_brand?post=9609"},{"taxonomy":"product_cat","embeddable":true,"href":"https:\/\/hammocknest.com\/pl\/wp-json\/wp\/v2\/product_cat?post=9609"},{"taxonomy":"product_tag","embeddable":true,"href":"https:\/\/hammocknest.com\/pl\/wp-json\/wp\/v2\/product_tag?post=9609"}],"curies":[{"name":"wp","href":"https:\/\/api.w.org\/{rel}","templated":true}]}}