{"id":9574,"date":"2026-04-20T15:41:30","date_gmt":"2026-04-20T15:41:30","guid":{"rendered":"https:\/\/hammocknest.com\/pl\/?post_type=product&#038;p=9574"},"modified":"2026-04-25T20:29:14","modified_gmt":"2026-04-25T20:29:14","slug":"hamak-dla-kota-na-stojaku-alsan","status":"publish","type":"product","link":"https:\/\/hammocknest.com\/pl\/product\/hamak-dla-kota-na-stojaku-alsan\/","title":{"rendered":"Hamak dla Kota na Stojaku | Alsan"},"content":{"rendered":"<p>Odmie\u0144 spos\u00f3b wypoczynku swojego kota dzi\u0119ki naszemu przytulnemu hamakowi dla kota, zaprojektowanemu tak, aby zapewni\u0107 Twojemu futrzanemu przyjacielowi najlepsze miejsce relaksu. Ten innowacyjny hamak nie tylko zapewnia Twojemu kotu mi\u0119kkie i bezpieczne miejsce do odpoczynku, ale tak\u017ce u\u0142atwia mu drzemk\u0119, pozwalaj\u0105c mu cieszy\u0107 si\u0119 widokiem na otoczenie, wygrzewaj\u0105c si\u0119 w komforcie.<\/p>\n<p>Wykonany z trwa\u0142ego, oddychaj\u0105cego materia\u0142u, ten hamak jest \u0142atwy do czyszczenia i konserwacji, dzi\u0119ki czemu ulubione miejsce Twojego kota pozostanie \u015bwie\u017ce i zach\u0119caj\u0105ce. Solidny stojak zapewnia stabilno\u015b\u0107 i wsparcie, dzi\u0119ki czemu jest idealnym dodatkiem do ka\u017cdego pomieszczenia w domu. Ponadto jego stylowy wygl\u0105d uzupe\u0142nia Tw\u00f3j wystr\u00f3j, p\u0142ynnie \u0142\u0105cz\u0105c funkcjonalno\u015b\u0107 z estetyk\u0105.<\/p>\n<p>Podaruj swojemu kotu wygod\u0119 i styl dzi\u0119ki temu wspania\u0142emu hamakowi. Tw\u00f3j kot pokocha wylegiwanie si\u0119 w swoim nowym ulubionym miejscu, a Ty docenisz rado\u015b\u0107, jak\u0105 wnosi to do jego codziennej rutyny. Zadbaj o swojego zwierzaka ju\u017c dzi\u015b i obserwuj, jak rozwija si\u0119 w nowym, przytulnym zaciszu!<\/p>\n","protected":false},"excerpt":{"rendered":"<p>Odmie\u0144 spos\u00f3b wypoczynku swojego kota dzi\u0119ki naszemu przytulnemu hamakowi dla kota, zaprojektowanemu tak, aby zapewni\u0107 Twojemu futrzanemu przyjacielowi najlepsze miejsce relaksu. Ten innowacyjny hamak nie tylko zapewnia Twojemu kotu mi\u0119kkie i bezpieczne miejsce do odpoczynku, ale tak\u017ce u\u0142atwia mu drzemk\u0119, pozwalaj\u0105c mu cieszy\u0107 si\u0119 widokiem na otoczenie, wygrzewaj\u0105c si\u0119 w komforcie. Wykonany z trwa\u0142ego, oddychaj\u0105cego [&hellip;]<\/p>\n","protected":false},"featured_media":9863,"comment_status":"closed","ping_status":"closed","template":"","meta":[],"product_brand":[],"product_cat":[],"product_tag":[285],"class_list":{"0":"post-9574","1":"product","2":"type-product","3":"status-publish","4":"has-post-thumbnail","6":"product_tag-hamac-pour-chat","8":"first","9":"outofstock","10":"taxable","11":"shipping-taxable","12":"purchasable","13":"product-type-variable"},"_links":{"self":[{"href":"https:\/\/hammocknest.com\/pl\/wp-json\/wp\/v2\/product\/9574","targetHints":{"allow":["GET"]}}],"collection":[{"href":"https:\/\/hammocknest.com\/pl\/wp-json\/wp\/v2\/product"}],"about":[{"href":"https:\/\/hammocknest.com\/pl\/wp-json\/wp\/v2\/types\/product"}],"replies":[{"embeddable":true,"href":"https:\/\/hammocknest.com\/pl\/wp-json\/wp\/v2\/comments?post=9574"}],"wp:featuredmedia":[{"embeddable":true,"href":"https:\/\/hammocknest.com\/pl\/wp-json\/wp\/v2\/media\/9863"}],"wp:attachment":[{"href":"https:\/\/hammocknest.com\/pl\/wp-json\/wp\/v2\/media?parent=9574"}],"wp:term":[{"taxonomy":"product_brand","embeddable":true,"href":"https:\/\/hammocknest.com\/pl\/wp-json\/wp\/v2\/product_brand?post=9574"},{"taxonomy":"product_cat","embeddable":true,"href":"https:\/\/hammocknest.com\/pl\/wp-json\/wp\/v2\/product_cat?post=9574"},{"taxonomy":"product_tag","embeddable":true,"href":"https:\/\/hammocknest.com\/pl\/wp-json\/wp\/v2\/product_tag?post=9574"}],"curies":[{"name":"wp","href":"https:\/\/api.w.org\/{rel}","templated":true}]}}