{"id":9562,"date":"2026-04-20T15:41:25","date_gmt":"2026-04-20T15:41:25","guid":{"rendered":"https:\/\/hammocknest.com\/pl\/?post_type=product&#038;p=9562"},"modified":"2026-04-20T15:43:41","modified_gmt":"2026-04-20T15:43:41","slug":"hamak-trojkatny-britt-idealny-na-twoj-stojak-na-plaszcze","status":"publish","type":"product","link":"https:\/\/hammocknest.com\/pl\/product\/hamak-trojkatny-britt-idealny-na-twoj-stojak-na-plaszcze\/","title":{"rendered":"Hamak Tr\u00f3jk\u0105tny | Britt &#8211; Idealny na Tw\u00f3j stojak na p\u0142aszcze"},"content":{"rendered":"","protected":false},"excerpt":{"rendered":"","protected":false},"featured_media":9851,"comment_status":"closed","ping_status":"closed","template":"","meta":[],"product_brand":[],"product_cat":[290],"product_tag":[281],"class_list":{"0":"post-9562","1":"product","2":"type-product","3":"status-publish","4":"has-post-thumbnail","6":"product_cat-hamak-na-stojaku","7":"product_tag-hamac-moustiquaire","9":"first","10":"instock","11":"taxable","12":"shipping-taxable","13":"purchasable","14":"product-type-simple"},"_links":{"self":[{"href":"https:\/\/hammocknest.com\/pl\/wp-json\/wp\/v2\/product\/9562","targetHints":{"allow":["GET"]}}],"collection":[{"href":"https:\/\/hammocknest.com\/pl\/wp-json\/wp\/v2\/product"}],"about":[{"href":"https:\/\/hammocknest.com\/pl\/wp-json\/wp\/v2\/types\/product"}],"replies":[{"embeddable":true,"href":"https:\/\/hammocknest.com\/pl\/wp-json\/wp\/v2\/comments?post=9562"}],"wp:featuredmedia":[{"embeddable":true,"href":"https:\/\/hammocknest.com\/pl\/wp-json\/wp\/v2\/media\/9851"}],"wp:attachment":[{"href":"https:\/\/hammocknest.com\/pl\/wp-json\/wp\/v2\/media?parent=9562"}],"wp:term":[{"taxonomy":"product_brand","embeddable":true,"href":"https:\/\/hammocknest.com\/pl\/wp-json\/wp\/v2\/product_brand?post=9562"},{"taxonomy":"product_cat","embeddable":true,"href":"https:\/\/hammocknest.com\/pl\/wp-json\/wp\/v2\/product_cat?post=9562"},{"taxonomy":"product_tag","embeddable":true,"href":"https:\/\/hammocknest.com\/pl\/wp-json\/wp\/v2\/product_tag?post=9562"}],"curies":[{"name":"wp","href":"https:\/\/api.w.org\/{rel}","templated":true}]}}