{"id":9528,"date":"2026-04-20T15:41:16","date_gmt":"2026-04-20T15:41:16","guid":{"rendered":"https:\/\/hammocknest.com\/pl\/?post_type=product&#038;p=9528"},"modified":"2026-04-25T20:28:33","modified_gmt":"2026-04-25T20:28:33","slug":"nadmuchiwany-materac-do-hamaka-z-siatka-do-basenu-gora","status":"publish","type":"product","link":"https:\/\/hammocknest.com\/pl\/product\/nadmuchiwany-materac-do-hamaka-z-siatka-do-basenu-gora\/","title":{"rendered":"Nadmuchiwany Materac do Hamaka z Siatk\u0105 do Basenu | Gora"},"content":{"rendered":"<p>Opalaj\u0105c si\u0119 lub czytaj\u0105c ksi\u0105\u017ck\u0119 podczas relaksu na wodzie, nic nie mo\u017ce by\u0107 prostsze dzi\u0119ki temu nadmuchiwanemu materacowi hamakowemu z siatk\u0105 do basenu. Charakterystyka: Wykonany z wysokiej jako\u015bci PCV Trwa\u0142y i wytrzyma\u0142y Kompaktowy i \u0142atwy do przechowywania Wymiary: 120 x 70 cm Idealny towarzysz, aby cieszy\u0107 si\u0119 relaksuj\u0105cymi s\u0142onecznymi dniami, ten nadmuchiwany materac hamakowy z siatk\u0105 do basenu b\u0119dzie idealny do relaksu na wodzie. \u0141atwy do nadmuchania i opr\u00f3\u017cnienia, b\u0119dzie bardzo \u0142atwy do przechowywania i nie zajmie miejsca. Idealny na basen lub na pla\u017c\u0119, ten hamak zapewni Ci najwy\u017cszy relaks. Dla tych, kt\u00f3rzy marz\u0105 o relaksie, unosz\u0105c si\u0119 w powietrzu, nasz nadmuchiwany przeno\u015bny hamak stanowi idealne po\u0142\u0105czenie komfortu i \u0142atwo\u015bci u\u017cytkowania. Ciesz\u0105c si\u0119 tym wyj\u0105tkowym prze\u017cyciem, zapraszamy Ci\u0119 do zapoznania si\u0119 z nasz\u0105 g\u0142\u00f3wn\u0105 kolekcj\u0105 nadmuchiwanych hamak\u00f3w, obejmuj\u0105c\u0105 r\u00f3\u017cne modele, kt\u00f3re umil\u0105 Ci chwile relaksu. Amaccas gwarantuje szybk\u0105 wysy\u0142k\u0119 (72 godziny) Bezp\u0142atna standardowa dostawa! Francuska obs\u0142uga posprzeda\u017cna i elastyczna obs\u0142uga klienta<\/p>\n","protected":false},"excerpt":{"rendered":"<p>Opalaj\u0105c si\u0119 lub czytaj\u0105c ksi\u0105\u017ck\u0119 podczas relaksu na wodzie, nic nie mo\u017ce by\u0107 prostsze dzi\u0119ki temu nadmuchiwanemu materacowi hamakowemu z siatk\u0105 do basenu. Charakterystyka: Wykonany z wysokiej jako\u015bci PCV Trwa\u0142y i wytrzyma\u0142y Kompaktowy i \u0142atwy do przechowywania Wymiary: 120 x 70 cm Idealny towarzysz, aby cieszy\u0107 si\u0119 relaksuj\u0105cymi s\u0142onecznymi dniami, ten nadmuchiwany materac hamakowy z [&hellip;]<\/p>\n","protected":false},"featured_media":9817,"comment_status":"closed","ping_status":"closed","template":"","meta":[],"product_brand":[],"product_cat":[293],"product_tag":[288],"class_list":{"0":"post-9528","1":"product","2":"type-product","3":"status-publish","4":"has-post-thumbnail","6":"product_cat-nadmuchiwane-hamaki","7":"product_tag-hamac-gonflable","9":"first","10":"instock","11":"sale","12":"taxable","13":"shipping-taxable","14":"purchasable","15":"product-type-simple"},"_links":{"self":[{"href":"https:\/\/hammocknest.com\/pl\/wp-json\/wp\/v2\/product\/9528","targetHints":{"allow":["GET"]}}],"collection":[{"href":"https:\/\/hammocknest.com\/pl\/wp-json\/wp\/v2\/product"}],"about":[{"href":"https:\/\/hammocknest.com\/pl\/wp-json\/wp\/v2\/types\/product"}],"replies":[{"embeddable":true,"href":"https:\/\/hammocknest.com\/pl\/wp-json\/wp\/v2\/comments?post=9528"}],"wp:featuredmedia":[{"embeddable":true,"href":"https:\/\/hammocknest.com\/pl\/wp-json\/wp\/v2\/media\/9817"}],"wp:attachment":[{"href":"https:\/\/hammocknest.com\/pl\/wp-json\/wp\/v2\/media?parent=9528"}],"wp:term":[{"taxonomy":"product_brand","embeddable":true,"href":"https:\/\/hammocknest.com\/pl\/wp-json\/wp\/v2\/product_brand?post=9528"},{"taxonomy":"product_cat","embeddable":true,"href":"https:\/\/hammocknest.com\/pl\/wp-json\/wp\/v2\/product_cat?post=9528"},{"taxonomy":"product_tag","embeddable":true,"href":"https:\/\/hammocknest.com\/pl\/wp-json\/wp\/v2\/product_tag?post=9528"}],"curies":[{"name":"wp","href":"https:\/\/api.w.org\/{rel}","templated":true}]}}