{"id":9524,"date":"2026-04-20T15:41:15","date_gmt":"2026-04-20T15:41:15","guid":{"rendered":"https:\/\/hammocknest.com\/pl\/?post_type=product&#038;p=9524"},"modified":"2026-04-25T21:20:35","modified_gmt":"2026-04-25T21:20:35","slug":"zamkniety-hamak-perig-idealny-do-twojej-przestrzeni","status":"publish","type":"product","link":"https:\/\/hammocknest.com\/pl\/product\/zamkniety-hamak-perig-idealny-do-twojej-przestrzeni\/","title":{"rendered":"Zamkni\u0119ty Hamak | Perig &#8211; Idealny do Twojej Przestrzeni"},"content":{"rendered":"<p>Ciesz si\u0119 wyj\u0105tkowym relaksem z naszym zamkni\u0119tym hamakiem: komfort otulania, bezpiecze\u0144stwo i elegancki design zapewniaj\u0105cy idealne chwile relaksu. Charakterystyka: P\u0142\u00f3tno nylonowe ze spadochronem 70D Moskitiera: Poliester Pasek: Poliester 1000D Etui do przechowywania Rozmiar w u\u017cyciu: 290 cm x 140 cm Maksymalne obci\u0105\u017cenie: 200 kg W zestawie kompletny zestaw instalacyjny Waga zestawu \u2248 840 gr Zintegrowana torba do przenoszenia Wyrusz na przygody na \u015bwie\u017cym powietrzu z naszym ultraprzeno\u015bnym hamakiem zamkni\u0119tym, idealnym towarzyszem dla mi\u0142o\u015bnik\u00f3w przyrody. Zaprojektowany, aby mo\u017cna go by\u0142o zabra\u0107 ze sob\u0105 wsz\u0119dzie, ten hamak mo\u017cna \u0142atwo z\u0142o\u017cy\u0107 i przechowywa\u0107 w kompaktowej torbie, zapewniaj\u0105c niezr\u00f3wnan\u0105 mobilno\u015b\u0107 turystom, wczasowiczom i podr\u00f3\u017cnikom. Wyobra\u017a sobie, \u017ce wisisz wygodnie, owini\u0119ty mi\u0119kkim, oddychaj\u0105cym materia\u0142em, zapewniaj\u0105c zas\u0142u\u017cony odpoczynek po ca\u0142ym dniu zwiedzania. Odporna na dzia\u0142anie czynnik\u00f3w atmosferycznych tkanina naszego hamaka zapewnia wyj\u0105tkow\u0105 trwa\u0142o\u015b\u0107, chroni\u0105c Ci\u0119 przed kaprysami pogody, a jednocze\u015bnie jest \u0142atwa w czyszczeniu. Ciesz si\u0119 niezr\u00f3wnanym do\u015bwiadczeniem relaksu, czy to drzemk\u0105 pod drzewami, czy cich\u0105 lektur\u0105 nad jeziorem. Nasz zamkni\u0119ty hamak otula Ci\u0119 kokonem komfortu, jednocze\u015bnie pozwalaj\u0105c Ci oddycha\u0107 i w pe\u0142ni cieszy\u0107 si\u0119 otoczeniem. To idealny wyb\u00f3r dla tych, kt\u00f3rzy chc\u0105 po\u0142\u0105czy\u0107 przygod\u0119 i relaks w harmonii z natur\u0105. Je\u015bli szukasz solidno\u015bci i funkcjonalno\u015bci w dziczy, nie przegap naszego 2-osobowego hamaka z moskitier\u0105, zaprojektowanego specjalnie dla poszukiwaczy przyg\u00f3d. Aby zapewni\u0107 optymaln\u0105 ochron\u0119 przed owadami, zapoznaj si\u0119 r\u00f3wnie\u017c z nasz\u0105 flagow\u0105 kolekcj\u0105 hamak\u00f3w z moskitier\u0105. Amaccas gwarantuje szybk\u0105 wysy\u0142k\u0119 (72 godziny) Bezp\u0142atna standardowa dostawa! Francuska obs\u0142uga posprzeda\u017cna i elastyczna obs\u0142uga klienta<\/p>\n","protected":false},"excerpt":{"rendered":"<p>Ciesz si\u0119 wyj\u0105tkowym relaksem z naszym zamkni\u0119tym hamakiem: komfort otulania, bezpiecze\u0144stwo i elegancki design zapewniaj\u0105cy idealne chwile relaksu. Charakterystyka: P\u0142\u00f3tno nylonowe ze spadochronem 70D Moskitiera: Poliester Pasek: Poliester 1000D Etui do przechowywania Rozmiar w u\u017cyciu: 290 cm x 140 cm Maksymalne obci\u0105\u017cenie: 200 kg W zestawie kompletny zestaw instalacyjny Waga zestawu \u2248 840 gr Zintegrowana [&hellip;]<\/p>\n","protected":false},"featured_media":9813,"comment_status":"closed","ping_status":"closed","template":"","meta":[],"product_brand":[],"product_cat":[290],"product_tag":[281],"class_list":{"0":"post-9524","1":"product","2":"type-product","3":"status-publish","4":"has-post-thumbnail","6":"product_cat-hamak-na-stojaku","7":"product_tag-hamac-moustiquaire","9":"first","10":"instock","11":"taxable","12":"shipping-taxable","13":"purchasable","14":"product-type-variable"},"_links":{"self":[{"href":"https:\/\/hammocknest.com\/pl\/wp-json\/wp\/v2\/product\/9524","targetHints":{"allow":["GET"]}}],"collection":[{"href":"https:\/\/hammocknest.com\/pl\/wp-json\/wp\/v2\/product"}],"about":[{"href":"https:\/\/hammocknest.com\/pl\/wp-json\/wp\/v2\/types\/product"}],"replies":[{"embeddable":true,"href":"https:\/\/hammocknest.com\/pl\/wp-json\/wp\/v2\/comments?post=9524"}],"wp:featuredmedia":[{"embeddable":true,"href":"https:\/\/hammocknest.com\/pl\/wp-json\/wp\/v2\/media\/9813"}],"wp:attachment":[{"href":"https:\/\/hammocknest.com\/pl\/wp-json\/wp\/v2\/media?parent=9524"}],"wp:term":[{"taxonomy":"product_brand","embeddable":true,"href":"https:\/\/hammocknest.com\/pl\/wp-json\/wp\/v2\/product_brand?post=9524"},{"taxonomy":"product_cat","embeddable":true,"href":"https:\/\/hammocknest.com\/pl\/wp-json\/wp\/v2\/product_cat?post=9524"},{"taxonomy":"product_tag","embeddable":true,"href":"https:\/\/hammocknest.com\/pl\/wp-json\/wp\/v2\/product_tag?post=9524"}],"curies":[{"name":"wp","href":"https:\/\/api.w.org\/{rel}","templated":true}]}}