{"id":9491,"date":"2026-04-20T15:41:06","date_gmt":"2026-04-20T15:41:06","guid":{"rendered":"https:\/\/hammocknest.com\/pl\/?post_type=product&#038;p=9491"},"modified":"2026-04-20T15:52:46","modified_gmt":"2026-04-20T15:52:46","slug":"okragly-wiszacy-hamak-kjude-idealny-do-mebli-ogrodowych-z-rattanu","status":"publish","type":"product","link":"https:\/\/hammocknest.com\/pl\/product\/okragly-wiszacy-hamak-kjude-idealny-do-mebli-ogrodowych-z-rattanu\/","title":{"rendered":"Okr\u0105g\u0142y Wisz\u0105cy Hamak | Kjude &#8211; Idealny do Mebli Ogrodowych z Rattanu"},"content":{"rendered":"","protected":false},"excerpt":{"rendered":"","protected":false},"featured_media":9780,"comment_status":"closed","ping_status":"closed","template":"","meta":[],"product_brand":[],"product_cat":[292],"product_tag":[282],"class_list":{"0":"post-9491","1":"product","2":"type-product","3":"status-publish","4":"has-post-thumbnail","6":"product_cat-hamak-do-ogrodu-i-wewnatrz","7":"product_tag-hamac-suspendu","9":"first","10":"instock","11":"taxable","12":"shipping-taxable","13":"purchasable","14":"product-type-variable"},"_links":{"self":[{"href":"https:\/\/hammocknest.com\/pl\/wp-json\/wp\/v2\/product\/9491","targetHints":{"allow":["GET"]}}],"collection":[{"href":"https:\/\/hammocknest.com\/pl\/wp-json\/wp\/v2\/product"}],"about":[{"href":"https:\/\/hammocknest.com\/pl\/wp-json\/wp\/v2\/types\/product"}],"replies":[{"embeddable":true,"href":"https:\/\/hammocknest.com\/pl\/wp-json\/wp\/v2\/comments?post=9491"}],"wp:featuredmedia":[{"embeddable":true,"href":"https:\/\/hammocknest.com\/pl\/wp-json\/wp\/v2\/media\/9780"}],"wp:attachment":[{"href":"https:\/\/hammocknest.com\/pl\/wp-json\/wp\/v2\/media?parent=9491"}],"wp:term":[{"taxonomy":"product_brand","embeddable":true,"href":"https:\/\/hammocknest.com\/pl\/wp-json\/wp\/v2\/product_brand?post=9491"},{"taxonomy":"product_cat","embeddable":true,"href":"https:\/\/hammocknest.com\/pl\/wp-json\/wp\/v2\/product_cat?post=9491"},{"taxonomy":"product_tag","embeddable":true,"href":"https:\/\/hammocknest.com\/pl\/wp-json\/wp\/v2\/product_tag?post=9491"}],"curies":[{"name":"wp","href":"https:\/\/api.w.org\/{rel}","templated":true}]}}