{"id":12105,"date":"2026-04-20T12:51:44","date_gmt":"2026-04-20T12:51:44","guid":{"rendered":"https:\/\/hammocknest.com\/hr\/?post_type=product&#038;p=12105"},"modified":"2026-04-20T13:07:19","modified_gmt":"2026-04-20T13:07:19","slug":"hamac-za-macke-prozor-bez-usisnih-casica-flag","status":"publish","type":"product","link":"https:\/\/hammocknest.com\/hr\/product\/hamac-za-macke-prozor-bez-usisnih-casica-flag\/","title":{"rendered":"Hamac za Ma\u010dke &#8211; Prozor bez Usisnih \u010ca\u0161ica | Flag"},"content":{"rendered":"","protected":false},"excerpt":{"rendered":"","protected":false},"featured_media":12394,"comment_status":"closed","ping_status":"closed","template":"","meta":[],"product_brand":[],"product_cat":[298,294],"product_tag":[283],"class_list":{"0":"post-12105","1":"product","2":"type-product","3":"status-publish","4":"has-post-thumbnail","6":"product_cat-hammoci-za-macke","7":"product_cat-okenski-hammoci","8":"product_tag-hamac-chat-fenetre","10":"first","11":"instock","12":"taxable","13":"shipping-taxable","14":"purchasable","15":"product-type-variable"},"_links":{"self":[{"href":"https:\/\/hammocknest.com\/hr\/wp-json\/wp\/v2\/product\/12105","targetHints":{"allow":["GET"]}}],"collection":[{"href":"https:\/\/hammocknest.com\/hr\/wp-json\/wp\/v2\/product"}],"about":[{"href":"https:\/\/hammocknest.com\/hr\/wp-json\/wp\/v2\/types\/product"}],"replies":[{"embeddable":true,"href":"https:\/\/hammocknest.com\/hr\/wp-json\/wp\/v2\/comments?post=12105"}],"wp:featuredmedia":[{"embeddable":true,"href":"https:\/\/hammocknest.com\/hr\/wp-json\/wp\/v2\/media\/12394"}],"wp:attachment":[{"href":"https:\/\/hammocknest.com\/hr\/wp-json\/wp\/v2\/media?parent=12105"}],"wp:term":[{"taxonomy":"product_brand","embeddable":true,"href":"https:\/\/hammocknest.com\/hr\/wp-json\/wp\/v2\/product_brand?post=12105"},{"taxonomy":"product_cat","embeddable":true,"href":"https:\/\/hammocknest.com\/hr\/wp-json\/wp\/v2\/product_cat?post=12105"},{"taxonomy":"product_tag","embeddable":true,"href":"https:\/\/hammocknest.com\/hr\/wp-json\/wp\/v2\/product_tag?post=12105"}],"curies":[{"name":"wp","href":"https:\/\/api.w.org\/{rel}","templated":true}]}}