{"id":12090,"date":"2026-04-20T12:51:37","date_gmt":"2026-04-20T12:51:37","guid":{"rendered":"https:\/\/hammocknest.com\/hr\/?post_type=product&#038;p=12090"},"modified":"2026-04-20T13:07:13","modified_gmt":"2026-04-20T13:07:13","slug":"hamac-s-integriranom-mrezom-protiv-komaraca-egzoticno-savrseno-za-dvoje","status":"publish","type":"product","link":"https:\/\/hammocknest.com\/hr\/product\/hamac-s-integriranom-mrezom-protiv-komaraca-egzoticno-savrseno-za-dvoje\/","title":{"rendered":"Hamac s integriranom mre\u017eom protiv komaraca | Egzoti\u010dno &#8211; Savr\u0161eno za dvoje"},"content":{"rendered":"","protected":false},"excerpt":{"rendered":"","protected":false},"featured_media":12379,"comment_status":"closed","ping_status":"closed","template":"","meta":[],"product_brand":[],"product_cat":[290],"product_tag":[281],"class_list":{"0":"post-12090","1":"product","2":"type-product","3":"status-publish","4":"has-post-thumbnail","6":"product_cat-hammoci-za-dvije-osobe","7":"product_tag-hamac-moustiquaire","9":"first","10":"instock","11":"taxable","12":"shipping-taxable","13":"purchasable","14":"product-type-variable"},"_links":{"self":[{"href":"https:\/\/hammocknest.com\/hr\/wp-json\/wp\/v2\/product\/12090","targetHints":{"allow":["GET"]}}],"collection":[{"href":"https:\/\/hammocknest.com\/hr\/wp-json\/wp\/v2\/product"}],"about":[{"href":"https:\/\/hammocknest.com\/hr\/wp-json\/wp\/v2\/types\/product"}],"replies":[{"embeddable":true,"href":"https:\/\/hammocknest.com\/hr\/wp-json\/wp\/v2\/comments?post=12090"}],"wp:featuredmedia":[{"embeddable":true,"href":"https:\/\/hammocknest.com\/hr\/wp-json\/wp\/v2\/media\/12379"}],"wp:attachment":[{"href":"https:\/\/hammocknest.com\/hr\/wp-json\/wp\/v2\/media?parent=12090"}],"wp:term":[{"taxonomy":"product_brand","embeddable":true,"href":"https:\/\/hammocknest.com\/hr\/wp-json\/wp\/v2\/product_brand?post=12090"},{"taxonomy":"product_cat","embeddable":true,"href":"https:\/\/hammocknest.com\/hr\/wp-json\/wp\/v2\/product_cat?post=12090"},{"taxonomy":"product_tag","embeddable":true,"href":"https:\/\/hammocknest.com\/hr\/wp-json\/wp\/v2\/product_tag?post=12090"}],"curies":[{"name":"wp","href":"https:\/\/api.w.org\/{rel}","templated":true}]}}