{"id":12086,"date":"2026-04-20T12:51:35","date_gmt":"2026-04-20T12:51:35","guid":{"rendered":"https:\/\/hammocknest.com\/hr\/?post_type=product&#038;p=12086"},"modified":"2026-04-20T13:07:10","modified_gmt":"2026-04-20T13:07:10","slug":"nadstresnica-za-hamak-cime-savrsena-za-vas-stojak-za-kapute","status":"publish","type":"product","link":"https:\/\/hammocknest.com\/hr\/product\/nadstresnica-za-hamak-cime-savrsena-za-vas-stojak-za-kapute\/","title":{"rendered":"Nadstre\u0161nica za Hamak | Cime &#8211; Savr\u0161ena za Va\u0161 Stojak za Kapute"},"content":{"rendered":"","protected":false},"excerpt":{"rendered":"","protected":false},"featured_media":12375,"comment_status":"closed","ping_status":"closed","template":"","meta":[],"product_brand":[],"product_cat":[289],"product_tag":[281],"class_list":{"0":"post-12086","1":"product","2":"type-product","3":"status-publish","4":"has-post-thumbnail","6":"product_cat-hammoci-na-stojalu","7":"product_tag-hamac-moustiquaire","9":"first","10":"instock","11":"sale","12":"taxable","13":"shipping-taxable","14":"purchasable","15":"product-type-variable"},"_links":{"self":[{"href":"https:\/\/hammocknest.com\/hr\/wp-json\/wp\/v2\/product\/12086","targetHints":{"allow":["GET"]}}],"collection":[{"href":"https:\/\/hammocknest.com\/hr\/wp-json\/wp\/v2\/product"}],"about":[{"href":"https:\/\/hammocknest.com\/hr\/wp-json\/wp\/v2\/types\/product"}],"replies":[{"embeddable":true,"href":"https:\/\/hammocknest.com\/hr\/wp-json\/wp\/v2\/comments?post=12086"}],"wp:featuredmedia":[{"embeddable":true,"href":"https:\/\/hammocknest.com\/hr\/wp-json\/wp\/v2\/media\/12375"}],"wp:attachment":[{"href":"https:\/\/hammocknest.com\/hr\/wp-json\/wp\/v2\/media?parent=12086"}],"wp:term":[{"taxonomy":"product_brand","embeddable":true,"href":"https:\/\/hammocknest.com\/hr\/wp-json\/wp\/v2\/product_brand?post=12086"},{"taxonomy":"product_cat","embeddable":true,"href":"https:\/\/hammocknest.com\/hr\/wp-json\/wp\/v2\/product_cat?post=12086"},{"taxonomy":"product_tag","embeddable":true,"href":"https:\/\/hammocknest.com\/hr\/wp-json\/wp\/v2\/product_tag?post=12086"}],"curies":[{"name":"wp","href":"https:\/\/api.w.org\/{rel}","templated":true}]}}