{"id":12043,"date":"2026-04-20T12:51:13","date_gmt":"2026-04-20T12:51:13","guid":{"rendered":"https:\/\/hammocknest.com\/hr\/?post_type=product&#038;p=12043"},"modified":"2026-04-20T13:06:52","modified_gmt":"2026-04-20T13:06:52","slug":"plutajuci-hamak-joy-vasa-napuhavajuca-relaksacija","status":"publish","type":"product","link":"https:\/\/hammocknest.com\/hr\/product\/plutajuci-hamak-joy-vasa-napuhavajuca-relaksacija\/","title":{"rendered":"Plutaju\u0107i hamak | Joy &#8211; Va\u0161a napuhavaju\u0107a relaksacija"},"content":{"rendered":"","protected":false},"excerpt":{"rendered":"","protected":false},"featured_media":12332,"comment_status":"closed","ping_status":"closed","template":"","meta":[],"product_brand":[],"product_cat":[292],"product_tag":[287],"class_list":{"0":"post-12043","1":"product","2":"type-product","3":"status-publish","4":"has-post-thumbnail","6":"product_cat-napuhani-hammoci","7":"product_tag-hamac-gonflable","9":"first","10":"instock","11":"taxable","12":"shipping-taxable","13":"purchasable","14":"product-type-variable"},"_links":{"self":[{"href":"https:\/\/hammocknest.com\/hr\/wp-json\/wp\/v2\/product\/12043","targetHints":{"allow":["GET"]}}],"collection":[{"href":"https:\/\/hammocknest.com\/hr\/wp-json\/wp\/v2\/product"}],"about":[{"href":"https:\/\/hammocknest.com\/hr\/wp-json\/wp\/v2\/types\/product"}],"replies":[{"embeddable":true,"href":"https:\/\/hammocknest.com\/hr\/wp-json\/wp\/v2\/comments?post=12043"}],"wp:featuredmedia":[{"embeddable":true,"href":"https:\/\/hammocknest.com\/hr\/wp-json\/wp\/v2\/media\/12332"}],"wp:attachment":[{"href":"https:\/\/hammocknest.com\/hr\/wp-json\/wp\/v2\/media?parent=12043"}],"wp:term":[{"taxonomy":"product_brand","embeddable":true,"href":"https:\/\/hammocknest.com\/hr\/wp-json\/wp\/v2\/product_brand?post=12043"},{"taxonomy":"product_cat","embeddable":true,"href":"https:\/\/hammocknest.com\/hr\/wp-json\/wp\/v2\/product_cat?post=12043"},{"taxonomy":"product_tag","embeddable":true,"href":"https:\/\/hammocknest.com\/hr\/wp-json\/wp\/v2\/product_tag?post=12043"}],"curies":[{"name":"wp","href":"https:\/\/api.w.org\/{rel}","templated":true}]}}