{"id":12039,"date":"2026-04-20T12:51:12","date_gmt":"2026-04-20T12:51:12","guid":{"rendered":"https:\/\/hammocknest.com\/hr\/?post_type=product&#038;p=12039"},"modified":"2026-04-20T12:55:07","modified_gmt":"2026-04-20T12:55:07","slug":"vanjski-hamak-macha-savrsen-za-vas-namjestaj-od-ratana","status":"publish","type":"product","link":"https:\/\/hammocknest.com\/hr\/product\/vanjski-hamak-macha-savrsen-za-vas-namjestaj-od-ratana\/","title":{"rendered":"Vanjski Hamak | Macha &#8211; Savr\u0161en za Va\u0161 Namje\u0161taj od Ratana"},"content":{"rendered":"","protected":false},"excerpt":{"rendered":"","protected":false},"featured_media":12328,"comment_status":"closed","ping_status":"closed","template":"","meta":[],"product_brand":[],"product_cat":[291],"product_tag":[286],"class_list":{"0":"post-12039","1":"product","2":"type-product","3":"status-publish","4":"has-post-thumbnail","6":"product_cat-vrtni-i-unutarnji-hammoci","7":"product_tag-hamac","9":"first","10":"instock","11":"taxable","12":"shipping-taxable","13":"purchasable","14":"product-type-simple"},"_links":{"self":[{"href":"https:\/\/hammocknest.com\/hr\/wp-json\/wp\/v2\/product\/12039","targetHints":{"allow":["GET"]}}],"collection":[{"href":"https:\/\/hammocknest.com\/hr\/wp-json\/wp\/v2\/product"}],"about":[{"href":"https:\/\/hammocknest.com\/hr\/wp-json\/wp\/v2\/types\/product"}],"replies":[{"embeddable":true,"href":"https:\/\/hammocknest.com\/hr\/wp-json\/wp\/v2\/comments?post=12039"}],"wp:featuredmedia":[{"embeddable":true,"href":"https:\/\/hammocknest.com\/hr\/wp-json\/wp\/v2\/media\/12328"}],"wp:attachment":[{"href":"https:\/\/hammocknest.com\/hr\/wp-json\/wp\/v2\/media?parent=12039"}],"wp:term":[{"taxonomy":"product_brand","embeddable":true,"href":"https:\/\/hammocknest.com\/hr\/wp-json\/wp\/v2\/product_brand?post=12039"},{"taxonomy":"product_cat","embeddable":true,"href":"https:\/\/hammocknest.com\/hr\/wp-json\/wp\/v2\/product_cat?post=12039"},{"taxonomy":"product_tag","embeddable":true,"href":"https:\/\/hammocknest.com\/hr\/wp-json\/wp\/v2\/product_tag?post=12039"}],"curies":[{"name":"wp","href":"https:\/\/api.w.org\/{rel}","templated":true}]}}