{"id":12034,"date":"2026-04-20T12:51:10","date_gmt":"2026-04-20T12:51:10","guid":{"rendered":"https:\/\/hammocknest.com\/hr\/?post_type=product&#038;p=12034"},"modified":"2026-04-20T13:06:48","modified_gmt":"2026-04-20T13:06:48","slug":"unutarnji-hamak-hugo-savrsen-za-vas-namjestaj-od-ratana","status":"publish","type":"product","link":"https:\/\/hammocknest.com\/hr\/product\/unutarnji-hamak-hugo-savrsen-za-vas-namjestaj-od-ratana\/","title":{"rendered":"Unutarnji Hamak | Hugo &#8211; Savr\u0161en za Va\u0161 Namje\u0161taj od Ratana"},"content":{"rendered":"","protected":false},"excerpt":{"rendered":"","protected":false},"featured_media":12323,"comment_status":"closed","ping_status":"closed","template":"","meta":[],"product_brand":[],"product_cat":[291],"product_tag":[286],"class_list":{"0":"post-12034","1":"product","2":"type-product","3":"status-publish","4":"has-post-thumbnail","6":"product_cat-vrtni-i-unutarnji-hammoci","7":"product_tag-hamac","9":"first","10":"instock","11":"taxable","12":"shipping-taxable","13":"purchasable","14":"product-type-variable"},"_links":{"self":[{"href":"https:\/\/hammocknest.com\/hr\/wp-json\/wp\/v2\/product\/12034","targetHints":{"allow":["GET"]}}],"collection":[{"href":"https:\/\/hammocknest.com\/hr\/wp-json\/wp\/v2\/product"}],"about":[{"href":"https:\/\/hammocknest.com\/hr\/wp-json\/wp\/v2\/types\/product"}],"replies":[{"embeddable":true,"href":"https:\/\/hammocknest.com\/hr\/wp-json\/wp\/v2\/comments?post=12034"}],"wp:featuredmedia":[{"embeddable":true,"href":"https:\/\/hammocknest.com\/hr\/wp-json\/wp\/v2\/media\/12323"}],"wp:attachment":[{"href":"https:\/\/hammocknest.com\/hr\/wp-json\/wp\/v2\/media?parent=12034"}],"wp:term":[{"taxonomy":"product_brand","embeddable":true,"href":"https:\/\/hammocknest.com\/hr\/wp-json\/wp\/v2\/product_brand?post=12034"},{"taxonomy":"product_cat","embeddable":true,"href":"https:\/\/hammocknest.com\/hr\/wp-json\/wp\/v2\/product_cat?post=12034"},{"taxonomy":"product_tag","embeddable":true,"href":"https:\/\/hammocknest.com\/hr\/wp-json\/wp\/v2\/product_tag?post=12034"}],"curies":[{"name":"wp","href":"https:\/\/api.w.org\/{rel}","templated":true}]}}