{"id":12005,"date":"2026-04-20T12:50:55","date_gmt":"2026-04-20T12:50:55","guid":{"rendered":"https:\/\/hammocknest.com\/hr\/?post_type=product&#038;p=12005"},"modified":"2026-04-20T12:54:30","modified_gmt":"2026-04-20T12:54:30","slug":"set-za-pricvrscivanje-visece-mreze-bold","status":"publish","type":"product","link":"https:\/\/hammocknest.com\/hr\/product\/set-za-pricvrscivanje-visece-mreze-bold\/","title":{"rendered":"Set za pri\u010dvr\u0161\u0107ivanje vise\u0107e mre\u017ee | Bold"},"content":{"rendered":"","protected":false},"excerpt":{"rendered":"","protected":false},"featured_media":12294,"comment_status":"closed","ping_status":"closed","template":"","meta":[],"product_brand":[],"product_cat":[],"product_tag":[280],"class_list":{"0":"post-12005","1":"product","2":"type-product","3":"status-publish","4":"has-post-thumbnail","6":"product_tag-fixation-hamac","8":"first","9":"outofstock","10":"taxable","11":"shipping-taxable","12":"product-type-variable"},"_links":{"self":[{"href":"https:\/\/hammocknest.com\/hr\/wp-json\/wp\/v2\/product\/12005","targetHints":{"allow":["GET"]}}],"collection":[{"href":"https:\/\/hammocknest.com\/hr\/wp-json\/wp\/v2\/product"}],"about":[{"href":"https:\/\/hammocknest.com\/hr\/wp-json\/wp\/v2\/types\/product"}],"replies":[{"embeddable":true,"href":"https:\/\/hammocknest.com\/hr\/wp-json\/wp\/v2\/comments?post=12005"}],"wp:featuredmedia":[{"embeddable":true,"href":"https:\/\/hammocknest.com\/hr\/wp-json\/wp\/v2\/media\/12294"}],"wp:attachment":[{"href":"https:\/\/hammocknest.com\/hr\/wp-json\/wp\/v2\/media?parent=12005"}],"wp:term":[{"taxonomy":"product_brand","embeddable":true,"href":"https:\/\/hammocknest.com\/hr\/wp-json\/wp\/v2\/product_brand?post=12005"},{"taxonomy":"product_cat","embeddable":true,"href":"https:\/\/hammocknest.com\/hr\/wp-json\/wp\/v2\/product_cat?post=12005"},{"taxonomy":"product_tag","embeddable":true,"href":"https:\/\/hammocknest.com\/hr\/wp-json\/wp\/v2\/product_tag?post=12005"}],"curies":[{"name":"wp","href":"https:\/\/api.w.org\/{rel}","templated":true}]}}