{"id":11877,"date":"2026-04-20T12:49:34","date_gmt":"2026-04-20T12:49:34","guid":{"rendered":"https:\/\/hammocknest.com\/hr\/?post_type=product&#038;p=11877"},"modified":"2026-04-25T21:07:35","modified_gmt":"2026-04-25T21:07:35","slug":"hamak-od-ratana-za-vrt-mivo","status":"publish","type":"product","link":"https:\/\/hammocknest.com\/hr\/product\/hamak-od-ratana-za-vrt-mivo\/","title":{"rendered":"Hamak od ratana za vrt | Mivo"},"content":{"rendered":"<p>Otkrijte na\u0161 pro\u0161iveni vise\u0107i krevet za optimalnu udobnost. Idealan za dvije osobe, nosivost do 200 kg. Savr\u0161eno za vrt ili terasu. Karakteristike: Dimenzije: 210 x 140 cm Nosivost: 200 kg Materijal: Mekani, prozra\u010dni pamuk Popre\u010dne \u0161ipke za ve\u0107u stabilnost Brojne potporne u\u017eadi za ve\u0107u udobnost Savr\u0161en za jednu ili dvije osobe Idealan za vanjsku upotrebu Jednostavan za postavljanje i odr\u017eavanje Dodaje da\u0161ak luksuza va\u0161em vrtu, balkonu ili terasi Udoban jastuk uklju\u010den Pro\u0161iveni dizajn za ve\u0107u udobnost Otkrijte Hammock krevet, posebno dizajniran za idealne opu\u0161tanje na otvorenom. Izra\u0111ena od mekanog pamuka, mo\u017ee izdr\u017eati do 200 kg. Zahvaljuju\u0107i svojim velikim dimenzijama od 210 x 140 cm i popre\u010dnim \u0161ipkama, nudi iznimnu udobnost i stabilnost. Savr\u0161en za unos note sofisticiranosti u va\u0161 vrt, balkon ili terasu. Vi\u0161e udobnosti i stabilnosti Hammock krevet kombinira \u010dvrsto\u0107u i profinjenost. Brojne potporne uzice i prozra\u010dna tkanina jam\u010de optimalno opu\u0161tanje. Jednostavan za postavljanje i odr\u017eavanje, idealan je za jednu ili dvije osobe. Pretvorite svoj vanjski prostor u mirno uto\u010di\u0161te uz ovaj vise\u0107i krevet. U\u017eivajte u nevjerojatnoj udobnosti i opu\u0161tanju s ovim profinjenim i \u010dvrstim vise\u0107im krevetom. Za one koji \u010deznu za opu\u0161taju\u0107im trenucima na otvorenom dok u\u017eivaju u prirodnim ljepotama, na\u0161a vise\u0107a mre\u017ea za u\u017ead pru\u017ea savr\u0161en odmor za bijeg i ponovno punjenje. Ako vam se ovaj model svi\u0111a, pozivamo vas da pregledate na\u0161u cijelu kolekciju vise\u0107ih mre\u017ea kako biste prona\u0161li idealnu verziju koja odgovara va\u0161im \u017eeljama. PANAMA\/GREEN\/Q11 Amaccas jam\u010di brzu dostavu (72 sata) Besplatna standardna dostava! Francuska usluga nakon prodaje i odgovaraju\u0107a slu\u017eba za korisnike<\/p>\n","protected":false},"excerpt":{"rendered":"<p>Otkrijte na\u0161 pro\u0161iveni vise\u0107i krevet za optimalnu udobnost. Idealan za dvije osobe, nosivost do 200 kg. Savr\u0161eno za vrt ili terasu. Karakteristike: Dimenzije: 210 x 140 cm Nosivost: 200 kg Materijal: Mekani, prozra\u010dni pamuk Popre\u010dne \u0161ipke za ve\u0107u stabilnost Brojne potporne u\u017eadi za ve\u0107u udobnost Savr\u0161en za jednu ili dvije osobe Idealan za vanjsku upotrebu [&hellip;]<\/p>\n","protected":false},"featured_media":12166,"comment_status":"closed","ping_status":"closed","template":"","meta":[],"product_brand":[],"product_cat":[291],"product_tag":[286],"class_list":{"0":"post-11877","1":"product","2":"type-product","3":"status-publish","4":"has-post-thumbnail","6":"product_cat-vrtni-i-unutarnji-hammoci","7":"product_tag-hamac","9":"first","10":"instock","11":"taxable","12":"shipping-taxable","13":"purchasable","14":"product-type-variable"},"_links":{"self":[{"href":"https:\/\/hammocknest.com\/hr\/wp-json\/wp\/v2\/product\/11877","targetHints":{"allow":["GET"]}}],"collection":[{"href":"https:\/\/hammocknest.com\/hr\/wp-json\/wp\/v2\/product"}],"about":[{"href":"https:\/\/hammocknest.com\/hr\/wp-json\/wp\/v2\/types\/product"}],"replies":[{"embeddable":true,"href":"https:\/\/hammocknest.com\/hr\/wp-json\/wp\/v2\/comments?post=11877"}],"wp:featuredmedia":[{"embeddable":true,"href":"https:\/\/hammocknest.com\/hr\/wp-json\/wp\/v2\/media\/12166"}],"wp:attachment":[{"href":"https:\/\/hammocknest.com\/hr\/wp-json\/wp\/v2\/media?parent=11877"}],"wp:term":[{"taxonomy":"product_brand","embeddable":true,"href":"https:\/\/hammocknest.com\/hr\/wp-json\/wp\/v2\/product_brand?post=11877"},{"taxonomy":"product_cat","embeddable":true,"href":"https:\/\/hammocknest.com\/hr\/wp-json\/wp\/v2\/product_cat?post=11877"},{"taxonomy":"product_tag","embeddable":true,"href":"https:\/\/hammocknest.com\/hr\/wp-json\/wp\/v2\/product_tag?post=11877"}],"curies":[{"name":"wp","href":"https:\/\/api.w.org\/{rel}","templated":true}]}}