{"id":11863,"date":"2026-04-20T12:49:22","date_gmt":"2026-04-20T12:49:22","guid":{"rendered":"https:\/\/hammocknest.com\/hr\/?post_type=product&#038;p=11863"},"modified":"2026-04-20T12:52:24","modified_gmt":"2026-04-20T12:52:24","slug":"viseci-hamak-na-drvetu-kiara-savrsen-za-vas-stalak-za-kapute","status":"publish","type":"product","link":"https:\/\/hammocknest.com\/hr\/product\/viseci-hamak-na-drvetu-kiara-savrsen-za-vas-stalak-za-kapute\/","title":{"rendered":"Vise\u0107i Hamak na Drvetu | Kiara &#8211; Savr\u0161en za Va\u0161 Stalak za Kapute"},"content":{"rendered":"","protected":false},"excerpt":{"rendered":"","protected":false},"featured_media":12152,"comment_status":"closed","ping_status":"closed","template":"","meta":[],"product_brand":[],"product_cat":[289],"product_tag":[282],"class_list":{"0":"post-11863","1":"product","2":"type-product","3":"status-publish","4":"has-post-thumbnail","6":"product_cat-hammoci-na-stojalu","7":"product_tag-hamac-suspendu","9":"first","10":"instock","11":"taxable","12":"shipping-taxable","13":"purchasable","14":"product-type-simple"},"_links":{"self":[{"href":"https:\/\/hammocknest.com\/hr\/wp-json\/wp\/v2\/product\/11863","targetHints":{"allow":["GET"]}}],"collection":[{"href":"https:\/\/hammocknest.com\/hr\/wp-json\/wp\/v2\/product"}],"about":[{"href":"https:\/\/hammocknest.com\/hr\/wp-json\/wp\/v2\/types\/product"}],"replies":[{"embeddable":true,"href":"https:\/\/hammocknest.com\/hr\/wp-json\/wp\/v2\/comments?post=11863"}],"wp:featuredmedia":[{"embeddable":true,"href":"https:\/\/hammocknest.com\/hr\/wp-json\/wp\/v2\/media\/12152"}],"wp:attachment":[{"href":"https:\/\/hammocknest.com\/hr\/wp-json\/wp\/v2\/media?parent=11863"}],"wp:term":[{"taxonomy":"product_brand","embeddable":true,"href":"https:\/\/hammocknest.com\/hr\/wp-json\/wp\/v2\/product_brand?post=11863"},{"taxonomy":"product_cat","embeddable":true,"href":"https:\/\/hammocknest.com\/hr\/wp-json\/wp\/v2\/product_cat?post=11863"},{"taxonomy":"product_tag","embeddable":true,"href":"https:\/\/hammocknest.com\/hr\/wp-json\/wp\/v2\/product_tag?post=11863"}],"curies":[{"name":"wp","href":"https:\/\/api.w.org\/{rel}","templated":true}]}}