{"id":11858,"date":"2026-04-20T12:49:18","date_gmt":"2026-04-20T12:49:18","guid":{"rendered":"https:\/\/hammocknest.com\/hr\/?post_type=product&#038;p=11858"},"modified":"2026-04-20T13:06:27","modified_gmt":"2026-04-20T13:06:27","slug":"jednoposteljni-viseci-hamak-amy-savrsen-za-vas-udoban-kutak","status":"publish","type":"product","link":"https:\/\/hammocknest.com\/hr\/product\/jednoposteljni-viseci-hamak-amy-savrsen-za-vas-udoban-kutak\/","title":{"rendered":"Jednoposteljni Vise\u0107i Hamak | Amy &#8211; Savr\u0161en za Va\u0161 Udoban Kutak"},"content":{"rendered":"","protected":false},"excerpt":{"rendered":"","protected":false},"featured_media":12147,"comment_status":"closed","ping_status":"closed","template":"","meta":[],"product_brand":[],"product_cat":[289],"product_tag":[282],"class_list":{"0":"post-11858","1":"product","2":"type-product","3":"status-publish","4":"has-post-thumbnail","6":"product_cat-hammoci-na-stojalu","7":"product_tag-hamac-suspendu","9":"first","10":"instock","11":"taxable","12":"shipping-taxable","13":"purchasable","14":"product-type-variable"},"_links":{"self":[{"href":"https:\/\/hammocknest.com\/hr\/wp-json\/wp\/v2\/product\/11858","targetHints":{"allow":["GET"]}}],"collection":[{"href":"https:\/\/hammocknest.com\/hr\/wp-json\/wp\/v2\/product"}],"about":[{"href":"https:\/\/hammocknest.com\/hr\/wp-json\/wp\/v2\/types\/product"}],"replies":[{"embeddable":true,"href":"https:\/\/hammocknest.com\/hr\/wp-json\/wp\/v2\/comments?post=11858"}],"wp:featuredmedia":[{"embeddable":true,"href":"https:\/\/hammocknest.com\/hr\/wp-json\/wp\/v2\/media\/12147"}],"wp:attachment":[{"href":"https:\/\/hammocknest.com\/hr\/wp-json\/wp\/v2\/media?parent=11858"}],"wp:term":[{"taxonomy":"product_brand","embeddable":true,"href":"https:\/\/hammocknest.com\/hr\/wp-json\/wp\/v2\/product_brand?post=11858"},{"taxonomy":"product_cat","embeddable":true,"href":"https:\/\/hammocknest.com\/hr\/wp-json\/wp\/v2\/product_cat?post=11858"},{"taxonomy":"product_tag","embeddable":true,"href":"https:\/\/hammocknest.com\/hr\/wp-json\/wp\/v2\/product_tag?post=11858"}],"curies":[{"name":"wp","href":"https:\/\/api.w.org\/{rel}","templated":true}]}}