{"id":11854,"date":"2026-04-20T12:49:16","date_gmt":"2026-04-20T12:49:16","guid":{"rendered":"https:\/\/hammocknest.com\/hr\/?post_type=product&#038;p=11854"},"modified":"2026-04-25T21:07:31","modified_gmt":"2026-04-25T21:07:31","slug":"vanjski-sjedalacki-hamak-terry-vas-udoban-stalak-za-kapute","status":"publish","type":"product","link":"https:\/\/hammocknest.com\/hr\/product\/vanjski-sjedalacki-hamak-terry-vas-udoban-stalak-za-kapute\/","title":{"rendered":"Vanjski sjedala\u010dki hamak | Terry &#8211; Va\u0161 udoban stalak za kapute"},"content":{"rendered":"<p>Vise\u0107a mre\u017ea za sjedenje na otvorenom od pamuka s drvenom \u0161ipkom. Otporan, udoban i elegantan, savr\u0161en za stvaranje vanjskog prostora za opu\u0161tanje. Karakteristike: Dizajnirano za vanjsku ili unutarnju upotrebu 100% ru\u010dno tkano pamu\u010dno platno \u0160ipka od punog drva za dobru potporu Prostrano i udobno sjedalo Prozra\u010dna tkanina za osje\u0107aj svje\u017eine Jednostavna monta\u017ea na potporu, drvo ili pergolu Nosivost do 160 kg Ru\u010dno izra\u0111ene i izdr\u017eljive zavr\u0161ne obrade Unesite zanatski i topli dodir u svoj vrt s ovom vanjskom vise\u0107om mre\u017eom za sjedenje od tkanog pamuka. Njegovo \u0161iroko sjedalo, \u0161ipka od punog drva i prozra\u010dna tkanina obavijaju vas dugotrajnom udobno\u0161\u0107u za \u010ditanje, sanjarenje ili jednostavno u\u017eivanje na suncu. Podru\u010dje za opu\u0161tanje na otvorenom. Izdr\u017eljiva i laka za vje\u0161anje, ova vise\u0107a mre\u017ea za sjedenje mo\u017ee izdr\u017eati do 160 kg. Savr\u0161en za vani, kombinira \u010dvrsto\u0107u, prirodan stil i udobnost koja obavija. Robusna, estetska i savr\u0161ena vise\u0107a mre\u017ea za sjedenje na otvorenom. Za osobni bijeg na otvorenom ili u zatvorenom prostoru, otkrijte \u0161arm i meko\u0107u na\u0161e vise\u0107e mre\u017ee za sjedenje, same su\u0161tine individualnog opu\u0161tanja. Za vi\u0161e izbora i modela, otkrijte na\u0161u kolekciju vise\u0107ih stolica i prona\u0111ite savr\u0161eno mjesto za svoje trenutke opu\u0161tanja. Amaccas jam\u010di brzu dostavu (72 sata) Besplatna standardna dostava! Francuska usluga nakon prodaje i odgovaraju\u0107a slu\u017eba za korisnike<\/p>\n","protected":false},"excerpt":{"rendered":"<p>Vise\u0107a mre\u017ea za sjedenje na otvorenom od pamuka s drvenom \u0161ipkom. Otporan, udoban i elegantan, savr\u0161en za stvaranje vanjskog prostora za opu\u0161tanje. Karakteristike: Dizajnirano za vanjsku ili unutarnju upotrebu 100% ru\u010dno tkano pamu\u010dno platno \u0160ipka od punog drva za dobru potporu Prostrano i udobno sjedalo Prozra\u010dna tkanina za osje\u0107aj svje\u017eine Jednostavna monta\u017ea na potporu, drvo [&hellip;]<\/p>\n","protected":false},"featured_media":12143,"comment_status":"closed","ping_status":"closed","template":"","meta":[],"product_brand":[],"product_cat":[289],"product_tag":[282],"class_list":{"0":"post-11854","1":"product","2":"type-product","3":"status-publish","4":"has-post-thumbnail","6":"product_cat-hammoci-na-stojalu","7":"product_tag-hamac-suspendu","9":"first","10":"instock","11":"taxable","12":"shipping-taxable","13":"purchasable","14":"product-type-variable"},"_links":{"self":[{"href":"https:\/\/hammocknest.com\/hr\/wp-json\/wp\/v2\/product\/11854","targetHints":{"allow":["GET"]}}],"collection":[{"href":"https:\/\/hammocknest.com\/hr\/wp-json\/wp\/v2\/product"}],"about":[{"href":"https:\/\/hammocknest.com\/hr\/wp-json\/wp\/v2\/types\/product"}],"replies":[{"embeddable":true,"href":"https:\/\/hammocknest.com\/hr\/wp-json\/wp\/v2\/comments?post=11854"}],"wp:featuredmedia":[{"embeddable":true,"href":"https:\/\/hammocknest.com\/hr\/wp-json\/wp\/v2\/media\/12143"}],"wp:attachment":[{"href":"https:\/\/hammocknest.com\/hr\/wp-json\/wp\/v2\/media?parent=11854"}],"wp:term":[{"taxonomy":"product_brand","embeddable":true,"href":"https:\/\/hammocknest.com\/hr\/wp-json\/wp\/v2\/product_brand?post=11854"},{"taxonomy":"product_cat","embeddable":true,"href":"https:\/\/hammocknest.com\/hr\/wp-json\/wp\/v2\/product_cat?post=11854"},{"taxonomy":"product_tag","embeddable":true,"href":"https:\/\/hammocknest.com\/hr\/wp-json\/wp\/v2\/product_tag?post=11854"}],"curies":[{"name":"wp","href":"https:\/\/api.w.org\/{rel}","templated":true}]}}