{"id":11848,"date":"2026-04-20T12:49:14","date_gmt":"2026-04-20T12:49:14","guid":{"rendered":"https:\/\/hammocknest.com\/hr\/?post_type=product&#038;p=11848"},"modified":"2026-04-25T21:07:30","modified_gmt":"2026-04-25T21:07:30","slug":"okrugli-macji-hamak-dinah-savrsen-za-maine-coone","status":"publish","type":"product","link":"https:\/\/hammocknest.com\/hr\/product\/okrugli-macji-hamak-dinah-savrsen-za-maine-coone\/","title":{"rendered":"Okrugli Ma\u010dji Hamak | Dinah &#8211; Savr\u0161en za Maine Coone"},"content":{"rendered":"<p>Prozirna okrugla vise\u0107a mre\u017ea za ma\u010dke s dizajnom kapsule. Udobnost, \u010dvrsto\u0107a, 3 veli\u010dine, lako se \u010disti. Savr\u0161en tijekom cijele godine. Karakteristike: Transparentan i elegantan dizajn kapsule Udoban i umiruju\u0107i za ma\u010dku Mo\u017ee se koristiti tijekom cijele godine Sadr\u017ei lopte za igru \u200b\u200bza zabavu Robusni materijal: polipropilen Uklonjiv i jednostavan za \u010di\u0161\u0107enje Dostupne su tri veli\u010dine: 30 \/ 35 \/ 40 cm Kompatibilno s ma\u010djim stablima ili postavljenim na tlo Ponudite svojoj ma\u010dki jedinstveni prostor za odmor s ovom okruglom vise\u0107om mre\u017eom za ma\u010dke u prozirnoj kapsuli. Uklonjiv, elegantan i upotrebljiv tijekom cijele godine, savr\u0161eno se uklapa u svaki interijer. Dostupan u tri veli\u010dine, pogodan je za sve ma\u010dke, od najmanjih do najve\u0107ih. Ugodna kapsula koja uljep\u0161ava va\u0161 dekor. Izra\u0111ena od izdr\u017eljivog polipropilena, ova vise\u0107a mre\u017ea s kapsulom spaja stil i funkcionalnost. Postavljena na tlo ili integrirana u stablo ma\u010dke, brzo postaje omiljeno uto\u010di\u0161te va\u0161e ma\u010dke. Moderan dizajn, udobnost u svim godi\u0161njim dobima i dekorativni dodir koji \u010dini razliku. Za one koji \u017eele spojiti estetiku i udobnost za svoje ma\u010dke, na\u0161a vise\u0107a mre\u017ea za ma\u010dke na zidu isti\u010de se kao inovativan i udoban izbor. Tako\u0111er preporu\u010dujemo da pregledate na\u0161u \u0161iroku ponudu vise\u0107ih mre\u017ea za ma\u010dke, punu rje\u0161enja za svaku potrebu. Amaccas jam\u010di brzu dostavu (72 sata) Besplatna standardna dostava! Francuska usluga nakon prodaje i odgovaraju\u0107a slu\u017eba za korisnike<\/p>\n","protected":false},"excerpt":{"rendered":"<p>Prozirna okrugla vise\u0107a mre\u017ea za ma\u010dke s dizajnom kapsule. Udobnost, \u010dvrsto\u0107a, 3 veli\u010dine, lako se \u010disti. Savr\u0161en tijekom cijele godine. Karakteristike: Transparentan i elegantan dizajn kapsule Udoban i umiruju\u0107i za ma\u010dku Mo\u017ee se koristiti tijekom cijele godine Sadr\u017ei lopte za igru \u200b\u200bza zabavu Robusni materijal: polipropilen Uklonjiv i jednostavan za \u010di\u0161\u0107enje Dostupne su tri veli\u010dine: [&hellip;]<\/p>\n","protected":false},"featured_media":12137,"comment_status":"closed","ping_status":"closed","template":"","meta":[],"product_brand":[],"product_cat":[298,293],"product_tag":[284],"class_list":{"0":"post-11848","1":"product","2":"type-product","3":"status-publish","4":"has-post-thumbnail","6":"product_cat-hammoci-za-macke","7":"product_cat-macji-hammoci","8":"product_tag-hamac-pour-chat","10":"first","11":"instock","12":"taxable","13":"shipping-taxable","14":"purchasable","15":"product-type-variable"},"_links":{"self":[{"href":"https:\/\/hammocknest.com\/hr\/wp-json\/wp\/v2\/product\/11848","targetHints":{"allow":["GET"]}}],"collection":[{"href":"https:\/\/hammocknest.com\/hr\/wp-json\/wp\/v2\/product"}],"about":[{"href":"https:\/\/hammocknest.com\/hr\/wp-json\/wp\/v2\/types\/product"}],"replies":[{"embeddable":true,"href":"https:\/\/hammocknest.com\/hr\/wp-json\/wp\/v2\/comments?post=11848"}],"wp:featuredmedia":[{"embeddable":true,"href":"https:\/\/hammocknest.com\/hr\/wp-json\/wp\/v2\/media\/12137"}],"wp:attachment":[{"href":"https:\/\/hammocknest.com\/hr\/wp-json\/wp\/v2\/media?parent=11848"}],"wp:term":[{"taxonomy":"product_brand","embeddable":true,"href":"https:\/\/hammocknest.com\/hr\/wp-json\/wp\/v2\/product_brand?post=11848"},{"taxonomy":"product_cat","embeddable":true,"href":"https:\/\/hammocknest.com\/hr\/wp-json\/wp\/v2\/product_cat?post=11848"},{"taxonomy":"product_tag","embeddable":true,"href":"https:\/\/hammocknest.com\/hr\/wp-json\/wp\/v2\/product_tag?post=11848"}],"curies":[{"name":"wp","href":"https:\/\/api.w.org\/{rel}","templated":true}]}}