{"id":11840,"date":"2026-04-20T12:49:10","date_gmt":"2026-04-20T12:49:10","guid":{"rendered":"https:\/\/hammocknest.com\/hr\/?post_type=product&#038;p=11840"},"modified":"2026-04-20T13:06:21","modified_gmt":"2026-04-20T13:06:21","slug":"hamak-za-macke-na-usisnu-casu-salem-idealno-za-zastore","status":"publish","type":"product","link":"https:\/\/hammocknest.com\/hr\/product\/hamak-za-macke-na-usisnu-casu-salem-idealno-za-zastore\/","title":{"rendered":"Hamak za Ma\u010dke na Usisnu \u010ca\u0161u | Salem &#8211; Idealno za Zastore"},"content":{"rendered":"","protected":false},"excerpt":{"rendered":"","protected":false},"featured_media":12129,"comment_status":"closed","ping_status":"closed","template":"","meta":[],"product_brand":[],"product_cat":[294,299],"product_tag":[283],"class_list":{"0":"post-11840","1":"product","2":"type-product","3":"status-publish","4":"has-post-thumbnail","6":"product_cat-okenski-hammoci","7":"product_cat-okenski-macji-hammoci","8":"product_tag-hamac-chat-fenetre","10":"first","11":"instock","12":"taxable","13":"shipping-taxable","14":"purchasable","15":"product-type-variable"},"_links":{"self":[{"href":"https:\/\/hammocknest.com\/hr\/wp-json\/wp\/v2\/product\/11840","targetHints":{"allow":["GET"]}}],"collection":[{"href":"https:\/\/hammocknest.com\/hr\/wp-json\/wp\/v2\/product"}],"about":[{"href":"https:\/\/hammocknest.com\/hr\/wp-json\/wp\/v2\/types\/product"}],"replies":[{"embeddable":true,"href":"https:\/\/hammocknest.com\/hr\/wp-json\/wp\/v2\/comments?post=11840"}],"wp:featuredmedia":[{"embeddable":true,"href":"https:\/\/hammocknest.com\/hr\/wp-json\/wp\/v2\/media\/12129"}],"wp:attachment":[{"href":"https:\/\/hammocknest.com\/hr\/wp-json\/wp\/v2\/media?parent=11840"}],"wp:term":[{"taxonomy":"product_brand","embeddable":true,"href":"https:\/\/hammocknest.com\/hr\/wp-json\/wp\/v2\/product_brand?post=11840"},{"taxonomy":"product_cat","embeddable":true,"href":"https:\/\/hammocknest.com\/hr\/wp-json\/wp\/v2\/product_cat?post=11840"},{"taxonomy":"product_tag","embeddable":true,"href":"https:\/\/hammocknest.com\/hr\/wp-json\/wp\/v2\/product_tag?post=11840"}],"curies":[{"name":"wp","href":"https:\/\/api.w.org\/{rel}","templated":true}]}}