{"id":11839,"date":"2026-04-20T12:49:10","date_gmt":"2026-04-20T12:49:10","guid":{"rendered":"https:\/\/hammocknest.com\/hr\/?post_type=product&#038;p=11839"},"modified":"2026-04-20T12:52:01","modified_gmt":"2026-04-20T12:52:01","slug":"hamak-za-macke-s-usisnom-casom-norway-savrsen-za-vaseg-macjeg-prijatelja","status":"publish","type":"product","link":"https:\/\/hammocknest.com\/hr\/product\/hamak-za-macke-s-usisnom-casom-norway-savrsen-za-vaseg-macjeg-prijatelja\/","title":{"rendered":"Hamak za Ma\u010dke s Usisnom \u010ca\u0161om | Norway &#8211; Savr\u0161en za Va\u0161eg Ma\u010djeg Prijatelja"},"content":{"rendered":"","protected":false},"excerpt":{"rendered":"","protected":false},"featured_media":12128,"comment_status":"closed","ping_status":"closed","template":"","meta":[],"product_brand":[],"product_cat":[294,299],"product_tag":[283],"class_list":{"0":"post-11839","1":"product","2":"type-product","3":"status-publish","4":"has-post-thumbnail","6":"product_cat-okenski-hammoci","7":"product_cat-okenski-macji-hammoci","8":"product_tag-hamac-chat-fenetre","10":"first","11":"instock","12":"taxable","13":"shipping-taxable","14":"purchasable","15":"product-type-simple"},"_links":{"self":[{"href":"https:\/\/hammocknest.com\/hr\/wp-json\/wp\/v2\/product\/11839","targetHints":{"allow":["GET"]}}],"collection":[{"href":"https:\/\/hammocknest.com\/hr\/wp-json\/wp\/v2\/product"}],"about":[{"href":"https:\/\/hammocknest.com\/hr\/wp-json\/wp\/v2\/types\/product"}],"replies":[{"embeddable":true,"href":"https:\/\/hammocknest.com\/hr\/wp-json\/wp\/v2\/comments?post=11839"}],"wp:featuredmedia":[{"embeddable":true,"href":"https:\/\/hammocknest.com\/hr\/wp-json\/wp\/v2\/media\/12128"}],"wp:attachment":[{"href":"https:\/\/hammocknest.com\/hr\/wp-json\/wp\/v2\/media?parent=11839"}],"wp:term":[{"taxonomy":"product_brand","embeddable":true,"href":"https:\/\/hammocknest.com\/hr\/wp-json\/wp\/v2\/product_brand?post=11839"},{"taxonomy":"product_cat","embeddable":true,"href":"https:\/\/hammocknest.com\/hr\/wp-json\/wp\/v2\/product_cat?post=11839"},{"taxonomy":"product_tag","embeddable":true,"href":"https:\/\/hammocknest.com\/hr\/wp-json\/wp\/v2\/product_tag?post=11839"}],"curies":[{"name":"wp","href":"https:\/\/api.w.org\/{rel}","templated":true}]}}