{"id":11838,"date":"2026-04-20T12:49:09","date_gmt":"2026-04-20T12:49:09","guid":{"rendered":"https:\/\/hammocknest.com\/hr\/?post_type=product&#038;p=11838"},"modified":"2026-04-20T12:52:00","modified_gmt":"2026-04-20T12:52:00","slug":"hamac-za-macke-s-usisnim-casama-isis-savrsen-za-poglede-kroz-prozor","status":"publish","type":"product","link":"https:\/\/hammocknest.com\/hr\/product\/hamac-za-macke-s-usisnim-casama-isis-savrsen-za-poglede-kroz-prozor\/","title":{"rendered":"Hamac za Ma\u010dke s Usisnim \u010ca\u0161ama | Isis &#8211; Savr\u0161en za Poglede kroz Prozor"},"content":{"rendered":"","protected":false},"excerpt":{"rendered":"","protected":false},"featured_media":12127,"comment_status":"closed","ping_status":"closed","template":"","meta":[],"product_brand":[],"product_cat":[294,299],"product_tag":[283],"class_list":{"0":"post-11838","1":"product","2":"type-product","3":"status-publish","4":"has-post-thumbnail","6":"product_cat-okenski-hammoci","7":"product_cat-okenski-macji-hammoci","8":"product_tag-hamac-chat-fenetre","10":"first","11":"instock","12":"taxable","13":"shipping-taxable","14":"purchasable","15":"product-type-simple"},"_links":{"self":[{"href":"https:\/\/hammocknest.com\/hr\/wp-json\/wp\/v2\/product\/11838","targetHints":{"allow":["GET"]}}],"collection":[{"href":"https:\/\/hammocknest.com\/hr\/wp-json\/wp\/v2\/product"}],"about":[{"href":"https:\/\/hammocknest.com\/hr\/wp-json\/wp\/v2\/types\/product"}],"replies":[{"embeddable":true,"href":"https:\/\/hammocknest.com\/hr\/wp-json\/wp\/v2\/comments?post=11838"}],"wp:featuredmedia":[{"embeddable":true,"href":"https:\/\/hammocknest.com\/hr\/wp-json\/wp\/v2\/media\/12127"}],"wp:attachment":[{"href":"https:\/\/hammocknest.com\/hr\/wp-json\/wp\/v2\/media?parent=11838"}],"wp:term":[{"taxonomy":"product_brand","embeddable":true,"href":"https:\/\/hammocknest.com\/hr\/wp-json\/wp\/v2\/product_brand?post=11838"},{"taxonomy":"product_cat","embeddable":true,"href":"https:\/\/hammocknest.com\/hr\/wp-json\/wp\/v2\/product_cat?post=11838"},{"taxonomy":"product_tag","embeddable":true,"href":"https:\/\/hammocknest.com\/hr\/wp-json\/wp\/v2\/product_tag?post=11838"}],"curies":[{"name":"wp","href":"https:\/\/api.w.org\/{rel}","templated":true}]}}