{"id":11826,"date":"2026-04-20T12:49:03","date_gmt":"2026-04-20T12:49:03","guid":{"rendered":"https:\/\/hammocknest.com\/hr\/?post_type=product&#038;p=11826"},"modified":"2026-04-20T12:51:50","modified_gmt":"2026-04-20T12:51:50","slug":"djecja-ljuljacka-s-visecom-mrezom-lilo","status":"publish","type":"product","link":"https:\/\/hammocknest.com\/hr\/product\/djecja-ljuljacka-s-visecom-mrezom-lilo\/","title":{"rendered":"Dje\u010dja Ljulja\u010dka s Vise\u0107om Mre\u017eom | Lilo"},"content":{"rendered":"","protected":false},"excerpt":{"rendered":"","protected":false},"featured_media":12115,"comment_status":"closed","ping_status":"closed","template":"","meta":[],"product_brand":[],"product_cat":[],"product_tag":[],"class_list":{"0":"post-11826","1":"product","2":"type-product","3":"status-publish","4":"has-post-thumbnail","7":"first","8":"instock","9":"taxable","10":"shipping-taxable","11":"purchasable","12":"product-type-simple"},"_links":{"self":[{"href":"https:\/\/hammocknest.com\/hr\/wp-json\/wp\/v2\/product\/11826","targetHints":{"allow":["GET"]}}],"collection":[{"href":"https:\/\/hammocknest.com\/hr\/wp-json\/wp\/v2\/product"}],"about":[{"href":"https:\/\/hammocknest.com\/hr\/wp-json\/wp\/v2\/types\/product"}],"replies":[{"embeddable":true,"href":"https:\/\/hammocknest.com\/hr\/wp-json\/wp\/v2\/comments?post=11826"}],"wp:featuredmedia":[{"embeddable":true,"href":"https:\/\/hammocknest.com\/hr\/wp-json\/wp\/v2\/media\/12115"}],"wp:attachment":[{"href":"https:\/\/hammocknest.com\/hr\/wp-json\/wp\/v2\/media?parent=11826"}],"wp:term":[{"taxonomy":"product_brand","embeddable":true,"href":"https:\/\/hammocknest.com\/hr\/wp-json\/wp\/v2\/product_brand?post=11826"},{"taxonomy":"product_cat","embeddable":true,"href":"https:\/\/hammocknest.com\/hr\/wp-json\/wp\/v2\/product_cat?post=11826"},{"taxonomy":"product_tag","embeddable":true,"href":"https:\/\/hammocknest.com\/hr\/wp-json\/wp\/v2\/product_tag?post=11826"}],"curies":[{"name":"wp","href":"https:\/\/api.w.org\/{rel}","templated":true}]}}