{"id":10616,"date":"2026-04-20T15:21:41","date_gmt":"2026-04-20T15:21:41","guid":{"rendered":"https:\/\/hammocknest.com\/es\/?post_type=product&#038;p=10616"},"modified":"2026-04-20T15:33:05","modified_gmt":"2026-04-20T15:33:05","slug":"hamaca-de-jardin-olaf-muebles-de-jardin-de-ratan","status":"publish","type":"product","link":"https:\/\/hammocknest.com\/es\/product\/hamaca-de-jardin-olaf-muebles-de-jardin-de-ratan\/","title":{"rendered":"Hamaca de Jard\u00edn | Olaf &#8211; Muebles de Jard\u00edn de Rat\u00e1n"},"content":{"rendered":"","protected":false},"excerpt":{"rendered":"","protected":false},"featured_media":10905,"comment_status":"closed","ping_status":"closed","template":"","meta":[],"product_brand":[],"product_cat":[293],"product_tag":[288],"class_list":{"0":"post-10616","1":"product","2":"type-product","3":"status-publish","4":"has-post-thumbnail","6":"product_cat-hamacas-para-jardin-y-interior","7":"product_tag-hamac","9":"first","10":"instock","11":"taxable","12":"shipping-taxable","13":"purchasable","14":"product-type-variable"},"_links":{"self":[{"href":"https:\/\/hammocknest.com\/es\/wp-json\/wp\/v2\/product\/10616","targetHints":{"allow":["GET"]}}],"collection":[{"href":"https:\/\/hammocknest.com\/es\/wp-json\/wp\/v2\/product"}],"about":[{"href":"https:\/\/hammocknest.com\/es\/wp-json\/wp\/v2\/types\/product"}],"replies":[{"embeddable":true,"href":"https:\/\/hammocknest.com\/es\/wp-json\/wp\/v2\/comments?post=10616"}],"wp:featuredmedia":[{"embeddable":true,"href":"https:\/\/hammocknest.com\/es\/wp-json\/wp\/v2\/media\/10905"}],"wp:attachment":[{"href":"https:\/\/hammocknest.com\/es\/wp-json\/wp\/v2\/media?parent=10616"}],"wp:term":[{"taxonomy":"product_brand","embeddable":true,"href":"https:\/\/hammocknest.com\/es\/wp-json\/wp\/v2\/product_brand?post=10616"},{"taxonomy":"product_cat","embeddable":true,"href":"https:\/\/hammocknest.com\/es\/wp-json\/wp\/v2\/product_cat?post=10616"},{"taxonomy":"product_tag","embeddable":true,"href":"https:\/\/hammocknest.com\/es\/wp-json\/wp\/v2\/product_tag?post=10616"}],"curies":[{"name":"wp","href":"https:\/\/api.w.org\/{rel}","templated":true}]}}