{"id":10588,"date":"2026-04-20T15:21:24","date_gmt":"2026-04-20T15:21:24","guid":{"rendered":"https:\/\/hammocknest.com\/es\/?post_type=product&#038;p=10588"},"modified":"2026-04-20T15:32:58","modified_gmt":"2026-04-20T15:32:58","slug":"gancho-360-noam-solucion-de-suspension-versatil","status":"publish","type":"product","link":"https:\/\/hammocknest.com\/es\/product\/gancho-360-noam-solucion-de-suspension-versatil\/","title":{"rendered":"Gancho 360\u00b0 Noam | Soluci\u00f3n de Suspensi\u00f3n Vers\u00e1til"},"content":{"rendered":"","protected":false},"excerpt":{"rendered":"","protected":false},"featured_media":10877,"comment_status":"closed","ping_status":"closed","template":"","meta":[],"product_brand":[],"product_cat":[],"product_tag":[280],"class_list":{"0":"post-10588","1":"product","2":"type-product","3":"status-publish","4":"has-post-thumbnail","6":"product_tag-fixation-hamac","8":"first","9":"instock","10":"taxable","11":"shipping-taxable","12":"purchasable","13":"product-type-variable"},"_links":{"self":[{"href":"https:\/\/hammocknest.com\/es\/wp-json\/wp\/v2\/product\/10588","targetHints":{"allow":["GET"]}}],"collection":[{"href":"https:\/\/hammocknest.com\/es\/wp-json\/wp\/v2\/product"}],"about":[{"href":"https:\/\/hammocknest.com\/es\/wp-json\/wp\/v2\/types\/product"}],"replies":[{"embeddable":true,"href":"https:\/\/hammocknest.com\/es\/wp-json\/wp\/v2\/comments?post=10588"}],"wp:featuredmedia":[{"embeddable":true,"href":"https:\/\/hammocknest.com\/es\/wp-json\/wp\/v2\/media\/10877"}],"wp:attachment":[{"href":"https:\/\/hammocknest.com\/es\/wp-json\/wp\/v2\/media?parent=10588"}],"wp:term":[{"taxonomy":"product_brand","embeddable":true,"href":"https:\/\/hammocknest.com\/es\/wp-json\/wp\/v2\/product_brand?post=10588"},{"taxonomy":"product_cat","embeddable":true,"href":"https:\/\/hammocknest.com\/es\/wp-json\/wp\/v2\/product_cat?post=10588"},{"taxonomy":"product_tag","embeddable":true,"href":"https:\/\/hammocknest.com\/es\/wp-json\/wp\/v2\/product_tag?post=10588"}],"curies":[{"name":"wp","href":"https:\/\/api.w.org\/{rel}","templated":true}]}}