{"id":10546,"date":"2026-04-20T15:21:05","date_gmt":"2026-04-20T15:21:05","guid":{"rendered":"https:\/\/hammocknest.com\/es\/?post_type=product&#038;p=10546"},"modified":"2026-04-20T15:24:00","modified_gmt":"2026-04-20T15:24:00","slug":"hamaca-para-banera-de-bebe-camille-perfecta-para-arrullos-y-canciones-de-buenos-dias","status":"publish","type":"product","link":"https:\/\/hammocknest.com\/es\/product\/hamaca-para-banera-de-bebe-camille-perfecta-para-arrullos-y-canciones-de-buenos-dias\/","title":{"rendered":"Hamaca para Ba\u00f1era de Beb\u00e9 | Camille &#8211; Perfecta para Arrullos y Canciones de Buenos D\u00edas"},"content":{"rendered":"","protected":false},"excerpt":{"rendered":"","protected":false},"featured_media":10835,"comment_status":"closed","ping_status":"closed","template":"","meta":[],"product_brand":[],"product_cat":[],"product_tag":[287],"class_list":{"0":"post-10546","1":"product","2":"type-product","3":"status-publish","4":"has-post-thumbnail","6":"product_tag-hamac-bebe","8":"first","9":"instock","10":"taxable","11":"shipping-taxable","12":"purchasable","13":"product-type-simple"},"_links":{"self":[{"href":"https:\/\/hammocknest.com\/es\/wp-json\/wp\/v2\/product\/10546","targetHints":{"allow":["GET"]}}],"collection":[{"href":"https:\/\/hammocknest.com\/es\/wp-json\/wp\/v2\/product"}],"about":[{"href":"https:\/\/hammocknest.com\/es\/wp-json\/wp\/v2\/types\/product"}],"replies":[{"embeddable":true,"href":"https:\/\/hammocknest.com\/es\/wp-json\/wp\/v2\/comments?post=10546"}],"wp:featuredmedia":[{"embeddable":true,"href":"https:\/\/hammocknest.com\/es\/wp-json\/wp\/v2\/media\/10835"}],"wp:attachment":[{"href":"https:\/\/hammocknest.com\/es\/wp-json\/wp\/v2\/media?parent=10546"}],"wp:term":[{"taxonomy":"product_brand","embeddable":true,"href":"https:\/\/hammocknest.com\/es\/wp-json\/wp\/v2\/product_brand?post=10546"},{"taxonomy":"product_cat","embeddable":true,"href":"https:\/\/hammocknest.com\/es\/wp-json\/wp\/v2\/product_cat?post=10546"},{"taxonomy":"product_tag","embeddable":true,"href":"https:\/\/hammocknest.com\/es\/wp-json\/wp\/v2\/product_tag?post=10546"}],"curies":[{"name":"wp","href":"https:\/\/api.w.org\/{rel}","templated":true}]}}