{"id":10543,"date":"2026-04-20T15:21:04","date_gmt":"2026-04-20T15:21:04","guid":{"rendered":"https:\/\/hammocknest.com\/es\/?post_type=product&#038;p=10543"},"modified":"2026-04-20T15:23:58","modified_gmt":"2026-04-20T15:23:58","slug":"hamaca-para-bano-de-bebes-clara-perfecta-para-recien-nacidos","status":"publish","type":"product","link":"https:\/\/hammocknest.com\/es\/product\/hamaca-para-bano-de-bebes-clara-perfecta-para-recien-nacidos\/","title":{"rendered":"Hamaca para Ba\u00f1o de Beb\u00e9s | Clara &#8211; Perfecta para Reci\u00e9n Nacidos"},"content":{"rendered":"","protected":false},"excerpt":{"rendered":"","protected":false},"featured_media":10832,"comment_status":"closed","ping_status":"closed","template":"","meta":[],"product_brand":[],"product_cat":[],"product_tag":[287],"class_list":{"0":"post-10543","1":"product","2":"type-product","3":"status-publish","4":"has-post-thumbnail","6":"product_tag-hamac-bebe","8":"first","9":"instock","10":"taxable","11":"shipping-taxable","12":"purchasable","13":"product-type-simple"},"_links":{"self":[{"href":"https:\/\/hammocknest.com\/es\/wp-json\/wp\/v2\/product\/10543","targetHints":{"allow":["GET"]}}],"collection":[{"href":"https:\/\/hammocknest.com\/es\/wp-json\/wp\/v2\/product"}],"about":[{"href":"https:\/\/hammocknest.com\/es\/wp-json\/wp\/v2\/types\/product"}],"replies":[{"embeddable":true,"href":"https:\/\/hammocknest.com\/es\/wp-json\/wp\/v2\/comments?post=10543"}],"wp:featuredmedia":[{"embeddable":true,"href":"https:\/\/hammocknest.com\/es\/wp-json\/wp\/v2\/media\/10832"}],"wp:attachment":[{"href":"https:\/\/hammocknest.com\/es\/wp-json\/wp\/v2\/media?parent=10543"}],"wp:term":[{"taxonomy":"product_brand","embeddable":true,"href":"https:\/\/hammocknest.com\/es\/wp-json\/wp\/v2\/product_brand?post=10543"},{"taxonomy":"product_cat","embeddable":true,"href":"https:\/\/hammocknest.com\/es\/wp-json\/wp\/v2\/product_cat?post=10543"},{"taxonomy":"product_tag","embeddable":true,"href":"https:\/\/hammocknest.com\/es\/wp-json\/wp\/v2\/product_tag?post=10543"}],"curies":[{"name":"wp","href":"https:\/\/api.w.org\/{rel}","templated":true}]}}