{"id":10540,"date":"2026-04-20T15:21:02","date_gmt":"2026-04-20T15:21:02","guid":{"rendered":"https:\/\/hammocknest.com\/es\/?post_type=product&#038;p=10540"},"modified":"2026-04-20T15:32:56","modified_gmt":"2026-04-20T15:32:56","slug":"hamac-bebe-avion-angel-el-mejor-espacio-de-juego-para-bebes","status":"publish","type":"product","link":"https:\/\/hammocknest.com\/es\/product\/hamac-bebe-avion-angel-el-mejor-espacio-de-juego-para-bebes\/","title":{"rendered":"Hamac Beb\u00e9 Avi\u00f3n | Angel &#8211; El Mejor Espacio de Juego para Beb\u00e9s"},"content":{"rendered":"","protected":false},"excerpt":{"rendered":"","protected":false},"featured_media":10829,"comment_status":"closed","ping_status":"closed","template":"","meta":[],"product_brand":[],"product_cat":[],"product_tag":[287],"class_list":{"0":"post-10540","1":"product","2":"type-product","3":"status-publish","4":"has-post-thumbnail","6":"product_tag-hamac-bebe","8":"first","9":"instock","10":"taxable","11":"shipping-taxable","12":"purchasable","13":"product-type-variable"},"_links":{"self":[{"href":"https:\/\/hammocknest.com\/es\/wp-json\/wp\/v2\/product\/10540","targetHints":{"allow":["GET"]}}],"collection":[{"href":"https:\/\/hammocknest.com\/es\/wp-json\/wp\/v2\/product"}],"about":[{"href":"https:\/\/hammocknest.com\/es\/wp-json\/wp\/v2\/types\/product"}],"replies":[{"embeddable":true,"href":"https:\/\/hammocknest.com\/es\/wp-json\/wp\/v2\/comments?post=10540"}],"wp:featuredmedia":[{"embeddable":true,"href":"https:\/\/hammocknest.com\/es\/wp-json\/wp\/v2\/media\/10829"}],"wp:attachment":[{"href":"https:\/\/hammocknest.com\/es\/wp-json\/wp\/v2\/media?parent=10540"}],"wp:term":[{"taxonomy":"product_brand","embeddable":true,"href":"https:\/\/hammocknest.com\/es\/wp-json\/wp\/v2\/product_brand?post=10540"},{"taxonomy":"product_cat","embeddable":true,"href":"https:\/\/hammocknest.com\/es\/wp-json\/wp\/v2\/product_cat?post=10540"},{"taxonomy":"product_tag","embeddable":true,"href":"https:\/\/hammocknest.com\/es\/wp-json\/wp\/v2\/product_tag?post=10540"}],"curies":[{"name":"wp","href":"https:\/\/api.w.org\/{rel}","templated":true}]}}