{"id":12089,"date":"2026-04-20T14:32:45","date_gmt":"2026-04-20T14:32:45","guid":{"rendered":"https:\/\/hammocknest.com\/de\/?post_type=product&#038;p=12089"},"modified":"2026-04-20T14:44:01","modified_gmt":"2026-04-20T14:44:01","slug":"katzen-haengematte-fuer-den-heizkoerper-will","status":"publish","type":"product","link":"https:\/\/hammocknest.com\/de\/product\/katzen-haengematte-fuer-den-heizkoerper-will\/","title":{"rendered":"Katzen-H\u00e4ngematte f\u00fcr den Heizk\u00f6rper | Will"},"content":{"rendered":"","protected":false},"excerpt":{"rendered":"","protected":false},"featured_media":12378,"comment_status":"closed","ping_status":"closed","template":"","meta":[],"product_brand":[],"product_cat":[298,295],"product_tag":[288],"class_list":{"0":"post-12089","1":"product","2":"type-product","3":"status-publish","4":"has-post-thumbnail","6":"product_cat-haengematten-fuer-katzen","7":"product_cat-heizkoerperhaengematten","8":"product_tag-hamac-radiateur-chat","10":"first","11":"instock","12":"taxable","13":"shipping-taxable","14":"purchasable","15":"product-type-variable"},"_links":{"self":[{"href":"https:\/\/hammocknest.com\/de\/wp-json\/wp\/v2\/product\/12089","targetHints":{"allow":["GET"]}}],"collection":[{"href":"https:\/\/hammocknest.com\/de\/wp-json\/wp\/v2\/product"}],"about":[{"href":"https:\/\/hammocknest.com\/de\/wp-json\/wp\/v2\/types\/product"}],"replies":[{"embeddable":true,"href":"https:\/\/hammocknest.com\/de\/wp-json\/wp\/v2\/comments?post=12089"}],"wp:featuredmedia":[{"embeddable":true,"href":"https:\/\/hammocknest.com\/de\/wp-json\/wp\/v2\/media\/12378"}],"wp:attachment":[{"href":"https:\/\/hammocknest.com\/de\/wp-json\/wp\/v2\/media?parent=12089"}],"wp:term":[{"taxonomy":"product_brand","embeddable":true,"href":"https:\/\/hammocknest.com\/de\/wp-json\/wp\/v2\/product_brand?post=12089"},{"taxonomy":"product_cat","embeddable":true,"href":"https:\/\/hammocknest.com\/de\/wp-json\/wp\/v2\/product_cat?post=12089"},{"taxonomy":"product_tag","embeddable":true,"href":"https:\/\/hammocknest.com\/de\/wp-json\/wp\/v2\/product_tag?post=12089"}],"curies":[{"name":"wp","href":"https:\/\/api.w.org\/{rel}","templated":true}]}}